{"id":8753,"date":"2018-11-19T16:15:13","date_gmt":"2018-11-19T21:15:13","guid":{"rendered":"https:\/\/robocutstudio.com\/?page_id=8753"},"modified":"2018-12-03T10:52:43","modified_gmt":"2018-12-03T15:52:43","slug":"recherche-adjoint-administratif-marketing-et-communications","status":"publish","type":"page","link":"https:\/\/robocutstudio.com\/fr\/recherche-adjoint-administratif-marketing-et-communications\/","title":{"rendered":"Adjoint(e) administratif(ve) : marketing et communications"},"content":{"rendered":"<p><img loading=\"lazy\" decoding=\"async\" class=\"alignnone size-full wp-image-8456\" src=\"https:\/\/robocutstudio.com\/wp-content\/uploads\/2018\/11\/comm-robocut.jpg\" alt=\"\" width=\"1200\" height=\"606\" \/><\/p>\n<h5><b>RESPONSABILIT\u00c9S<\/b><\/h5>\n<p><span style=\"font-weight: 400;\">L\u2019\u00e9quipe du studio Robocut est \u00e0 la recherche d&rsquo;un-e sp\u00e9cialiste marketing et communications qui permettra \u00e0 l&rsquo;entreprise de se propulser vers son ambitieux objectif de croissance. <\/span><\/p>\n<p><span style=\"font-weight: 400;\">Sous la supervision du Directeur g\u00e9n\u00e9ral, le titulaire du poste aura la responsabilit\u00e9 d\u2019assurer l\u2019\u00e9laboration et l&rsquo;ex\u00e9cution d&rsquo;un plan de marketing et de communication de l\u2019entreprise, principalement en ce qui concerne le de\u0301veloppement de partenariats d\u2019affaires. Il assurera e\u0301galement un leadership en matie\u0300re d&rsquo;e\u0301valuation et de cre\u0301ation de mate\u0301riel de marketing et promotionnel.<\/span><\/p>\n<p>&nbsp;<\/p>\n<h5><b>T\u00c2CHES PRINCIPALES<\/b><\/h5>\n<p>&nbsp;<\/p>\n<p><b>MARKETING ET D\u00c9VELOPPEMENT<\/b><\/p>\n<ul>\n<li style=\"font-weight: 400;\"><span style=\"font-weight: 400;\">De\u0301ployer un plan et budget marketing pour <\/span><span style=\"font-weight: 400;\">mieux cibler les projets et clients cible et faire accro\u00eetre <\/span><span style=\"font-weight: 400;\">le rayonnement de Robocut Studio; <\/span><\/li>\n<li style=\"font-weight: 400;\"><span style=\"font-weight: 400;\">Analyser le march\u00e9 et rep\u00e9rer des occasions d\u2019affaires et de partenariats \u00e0 l\u2019\u00e9chelle locale et internationale;<\/span><\/li>\n<li style=\"font-weight: 400;\"><span style=\"font-weight: 400;\">De\u0301velopper des partenariats strate\u0301giques dans les diffe\u0301rents milieux (affaires, culturel, e\u0301ve\u0301nementiel, etc.) afin d\u2019attirer de nouvelles cliente\u0300les;<\/span><\/li>\n<li style=\"font-weight: 400;\"><span style=\"font-weight: 400;\">Travailler de concert avec l\u2019e\u0301quipe a\u0300 l\u2019optimisation de l\u2019expe\u0301rience client et l\u2019image de marque de Robocut Studio; <\/span><\/li>\n<li style=\"font-weight: 400;\"><span style=\"font-weight: 400;\">Participer \u00e0 la cr\u00e9ation de sondages pour les clients et \u00eatre en mesure de commenter les r\u00e9sultats des sondages effectu\u00e9s;<\/span><\/li>\n<li style=\"font-weight: 400;\"><span style=\"font-weight: 400;\">Cerner les possibilit\u00e9s d\u2019optimisation de co\u00fbts et de g\u00e9n\u00e9ration de revenus \u00e0 court moyen et long terme, et en assurer la mise en \u0153uvre;<\/span><\/li>\n<li style=\"font-weight: 400;\"><span style=\"font-weight: 400;\">Analyser les donne\u0301es permettant de mesurer les retombe\u0301es des initiatives et activite\u0301s marketing et partage des recommandations \u00e0 la direction;<\/span><\/li>\n<li style=\"font-weight: 400;\"><span style=\"font-weight: 400;\">Participer au d\u00e9veloppement de produits et \u00e0 leur mise en march\u00e9.<\/span><\/li>\n<\/ul>\n<p>&nbsp;<\/p>\n<p><b>COMMUNICATIONS <\/b><\/p>\n<ul>\n<li style=\"font-weight: 400;\"><span style=\"font-weight: 400;\">D\u00e9ployer des strat\u00e9gies d\u2019utilisation des m\u00e9dias sociaux et g\u00e9rer les outils de communications \u00e9lectroniques (site web, blogue, r\u00e9seaux sociaux, etc.);<\/span><\/li>\n<li style=\"font-weight: 400;\"><span style=\"font-weight: 400;\">Optimisation et maintien du site web, <\/span><span style=\"font-weight: 400;\">gestion des outils marketing et mesure les r\u00e9sultats : site web, r\u00e9seaux sociaux, r\u00e9f\u00e9rencement web, infolettre, relation client\u00e8le, publicit\u00e9;<\/span><\/li>\n<li style=\"font-weight: 400;\"><span style=\"font-weight: 400;\">Documentation des projets en cours (making-of, \u00e9tudes de cas);<\/span><\/li>\n<li style=\"font-weight: 400;\"><span style=\"font-weight: 400;\">Monter les documents de pr\u00e9sentation et de promotion;<\/span><\/li>\n<li style=\"font-weight: 400;\"><span style=\"font-weight: 400;\">R\u00e9daction de textes divers (en anglais et fran\u00e7ais);<\/span><\/li>\n<li style=\"font-weight: 400;\"><span style=\"font-weight: 400;\">Recherche des occasions de r\u00e9seautage.<\/span><\/li>\n<\/ul>\n<p>&nbsp;<\/p>\n<p><b>T\u00c2CHES CONNEXES<\/b><\/p>\n<ul>\n<li style=\"font-weight: 400;\"><span style=\"font-weight: 400;\">Aide \u00e0 la gestion des projets entrants : <\/span><span style=\"font-weight: 400;\">r\u00e9pondre aux appels t\u00e9l\u00e9phoniques et g\u00e9rer les courriels entrants, les acheminer ou fournir les renseignements demand\u00e9s aux gestionnaires de projets;<\/span><\/li>\n<li style=\"font-weight: 400;\"><span style=\"font-weight: 400;\">Accueil des visiteurs;<\/span><\/li>\n<li style=\"font-weight: 400;\"><span style=\"font-weight: 400;\">Aide \u00e0 la r\u00e9ception des livraisons;<\/span><\/li>\n<li style=\"font-weight: 400;\"><span style=\"font-weight: 400;\">Aide \u00e0 la gestion de l\u2019archivage des projets;<\/span><\/li>\n<li style=\"font-weight: 400;\"><span style=\"font-weight: 400;\">Participer aux r\u00e9unions d\u2019\u00e9quipe si sa pr\u00e9sence est requise;<\/span><\/li>\n<li style=\"font-weight: 400;\"><span style=\"font-weight: 400;\">Proposer des solutions de gestion de studio; <\/span><\/li>\n<li style=\"font-weight: 400;\"><span style=\"font-weight: 400;\">Participer \u00e0 l\u2019organisation et la coordination logistique des activit\u00e9s d\u2019\u00e9quipes;<\/span><\/li>\n<li style=\"font-weight: 400;\"><span style=\"font-weight: 400;\">Toute autre t\u00e2che qui lui est demand\u00e9e pour soutenir l\u2019\u00e9quipe.<\/span><\/li>\n<\/ul>\n<p>&nbsp;<\/p>\n<h5><b>QUALIT\u00c9S ET QUALIFICATIONS REQUISES<\/b><\/h5>\n<ul>\n<li style=\"font-weight: 400;\"><span style=\"font-weight: 400;\">Formation et\/ou exp\u00e9rience pertinente en marketing et communications;<\/span><\/li>\n<li style=\"font-weight: 400;\"><span style=\"font-weight: 400;\">Bonnes connaissances en design;<\/span><\/li>\n<li style=\"font-weight: 400;\"><span style=\"font-weight: 400;\">Bon sens des affaires, capacite\u0301 de de\u0301velopper de nouveaux partenariats, et d\u2019e\u0301laborer des strate\u0301gies de de\u0301veloppement;<\/span><\/li>\n<li style=\"font-weight: 400;\"><span style=\"font-weight: 400;\">Habilete\u0301 marque\u0301e en re\u0301daction de contenu marketing;<\/span><\/li>\n<li style=\"font-weight: 400;\"><span style=\"font-weight: 400;\">Bilinguisme a\u0300 l\u2019oral et a\u0300 l\u2019e\u0301crit;<\/span><\/li>\n<li style=\"font-weight: 400;\"><span style=\"font-weight: 400;\">Connaissance du public des r\u00e9seaux sociaux, des tendances web (Facebook, Twitter, LinkedIn, Instagram) et des outils de communication (MailChimp, WordPress, CSS, HTML, etc.)<\/span><\/li>\n<li style=\"font-weight: 400;\"><span style=\"font-weight: 400;\">Poss\u00e9der des notions avanc\u00e9es de graphisme (ma\u00eetrise de la suite Adobe : Photoshop, Illustrator, InDesign, etc.);<\/span><\/li>\n<\/ul>\n<p>&nbsp;<\/p>\n<ul>\n<li style=\"font-weight: 400;\"><span style=\"font-weight: 400;\">D\u00e9brouillardise, initiative et <\/span><span style=\"font-weight: 400;\">leadership favorisant l\u2019atteinte des objectifs;<\/span><\/li>\n<li style=\"font-weight: 400;\"><span style=\"font-weight: 400;\">Tre\u0300s grand sens de l\u2019organisation et de la planification;<\/span><\/li>\n<li style=\"font-weight: 400;\"><span style=\"font-weight: 400;\">Cre\u0301ativite\u0301 et capacite\u0301 a\u0300 innover;<\/span><\/li>\n<li style=\"font-weight: 400;\"><span style=\"font-weight: 400;\">Capacit\u00e9 \u00e0 travailler en \u00e9quipe;<\/span><\/li>\n<li style=\"font-weight: 400;\"><span style=\"font-weight: 400;\">Disponibilit\u00e9 pour du travail suppl\u00e9mentaire et c<\/span><span style=\"font-weight: 400;\">apacit\u00e9 \u00e0 adapter ses t\u00e2ches selon le rush des projets; <\/span><\/li>\n<li style=\"font-weight: 400;\"><span style=\"font-weight: 400;\">Le d\u00e9sir de travailler dans une agence en constante \u00e9volution;<\/span><\/li>\n<li style=\"font-weight: 400;\"><span style=\"font-weight: 400;\">Comprendre les r\u00e9alit\u00e9s d\u2019une entreprise en plein essor.<\/span><\/li>\n<\/ul>\n<p>&nbsp;<\/p>\n<h5><b>CE QUE NOUS OFFRONS <\/b><\/h5>\n<ul>\n<li style=\"font-weight: 400;\"><span style=\"font-weight: 400;\">Un environnement stimulant au sein duquel vous pourrez partager vos passions et apprendre pleins de nouvelles choses;<\/span><\/li>\n<li style=\"font-weight: 400;\"><span style=\"font-weight: 400;\">De fortes valeurs d\u2019\u00e9quipe;<\/span><\/li>\n<li style=\"font-weight: 400;\"><span style=\"font-weight: 400;\">Des sessions baby-foot sur l\u2019heure du lunch.<\/span><\/li>\n<\/ul>\n<p>&nbsp;<\/p>\n<h5><b>LIEU ET DUR\u00c9E D\u2019EMPLOI<\/b><\/h5>\n<p><span style=\"font-weight: 400;\">\u00c0 Robocut studio, 5425 avenue Casgrain #704<\/span><\/p>\n<p><span style=\"font-weight: 400;\">Poste permanent.<\/span><\/p>\n<p><span style=\"font-weight: 400;\">Temps plein (35h \/ semaine).<\/span><\/p>\n<p><span style=\"font-weight: 400;\">Salaire \u00e0 discuter selon l\u2019exp\u00e9rience.<\/span><\/p>\n<p>&nbsp;<\/p>\n<p><span style=\"font-weight: 400;\"><strong>Pour postuler :<\/strong> envoyez une lettre de pre\u0301sentation et votre CV incluant vos attentes salariales a\u0300 jobs@robocutstudio.com <strong>avant le <\/strong><\/span><span style=\"font-weight: 400;\"><strong>7 d\u00e9cembre 2018<\/strong>.<\/span><\/p>\n<p><span style=\"font-weight: 400;\">Seuls les candidats retenus seront contacte\u0301s.<\/span><\/p>\n<p><i><span style=\"font-weight: 400;\">Le masculin est utilis\u00e9 sans aucune discrimination et dans le seul but d\u2019all\u00e9ger le texte.<\/span><\/i><br \/>\nSeuls les candidats retenus seront contact\u00e9s.<\/p>\n","protected":false},"excerpt":{"rendered":"<p>RESPONSABILIT\u00c9S L\u2019\u00e9quipe du studio Robocut est \u00e0 la recherche d&rsquo;un-e sp\u00e9cialiste marketing et communications qui permettra \u00e0 l&rsquo;entreprise de se propulser vers son ambitieux objectif de croissance. Sous la supervision du Directeur g\u00e9n\u00e9ral, le titulaire du poste aura la responsabilit\u00e9 d\u2019assurer l\u2019\u00e9laboration et l&rsquo;ex\u00e9cution d&rsquo;un&#8230;<\/p>\n","protected":false},"author":7,"featured_media":0,"parent":0,"menu_order":0,"comment_status":"closed","ping_status":"closed","template":"","meta":{"footnotes":"","_links_to":"","_links_to_target":""},"class_list":["post-8753","page","type-page","status-publish","hentry"],"_links":{"self":[{"href":"https:\/\/robocutstudio.com\/fr\/wp-json\/wp\/v2\/pages\/8753\/"}],"collection":[{"href":"https:\/\/robocutstudio.com\/fr\/wp-json\/wp\/v2\/pages\/"}],"about":[{"href":"https:\/\/robocutstudio.com\/fr\/wp-json\/wp\/v2\/types\/page\/"}],"author":[{"embeddable":true,"href":"https:\/\/robocutstudio.com\/fr\/wp-json\/wp\/v2\/users\/7\/"}],"replies":[{"embeddable":true,"href":"https:\/\/robocutstudio.com\/fr\/wp-json\/wp\/v2\/comments\/?post=8753"}],"version-history":[{"count":0,"href":"https:\/\/robocutstudio.com\/fr\/wp-json\/wp\/v2\/pages\/8753\/revisions\/"}],"wp:attachment":[{"href":"https:\/\/robocutstudio.com\/fr\/wp-json\/wp\/v2\/media\/?parent=8753"}],"curies":[{"name":"wp","href":"https:\/\/api.w.org\/{rel}","templated":true}]}}