{"id":8425,"date":"2018-10-31T15:45:30","date_gmt":"2018-10-31T19:45:30","guid":{"rendered":"http:\/\/robocutstudio.com\/?page_id=8425"},"modified":"2018-11-05T16:42:37","modified_gmt":"2018-11-05T21:42:37","slug":"recherche-gestionnaire-de-projets","status":"publish","type":"page","link":"https:\/\/robocutstudio.com\/fr\/recherche-gestionnaire-de-projets\/","title":{"rendered":"RECHERCHE GESTIONNAIRE DE PROJETS"},"content":{"rendered":"<p><img loading=\"lazy\" decoding=\"async\" class=\"alignnone size-full wp-image-8456\" src=\"https:\/\/robocutstudio.com\/wp-content\/uploads\/2018\/11\/D8A3510.jpg\" alt=\"\" width=\"1200\" height=\"606\" srcset=\"https:\/\/robocutstudio.com\/wp-content\/uploads\/2018\/11\/D8A3510.jpg 1200w, https:\/\/robocutstudio.com\/wp-content\/uploads\/2018\/11\/D8A3510-382x193.jpg 382w, https:\/\/robocutstudio.com\/wp-content\/uploads\/2018\/11\/D8A3510-768x388.jpg 768w, https:\/\/robocutstudio.com\/wp-content\/uploads\/2018\/11\/D8A3510-1024x517.jpg 1024w, https:\/\/robocutstudio.com\/wp-content\/uploads\/2018\/11\/D8A3510-1100x556.jpg 1100w, https:\/\/robocutstudio.com\/wp-content\/uploads\/2018\/11\/D8A3510-990x500.jpg 990w\" sizes=\"auto, (max-width: 1200px) 100vw, 1200px\" \/><br \/>\n&nbsp;<\/p>\n<h5><b>RESPONSABILIT\u00c9S<\/b><\/h5>\n<p><span style=\"font-weight: 400;\">Sous la responsabilit\u00e9 du directeur technique, <\/span><span style=\"font-weight: 400;\">le gestionnaire de projet dirige les diff\u00e9rentes phases d\u2019un projet et agit en tant que point de contact pour les diff\u00e9rents intervenants. Il d\u00e9termine les enjeux et les besoins d\u2019un projet, pilote sa mise en \u0153uvre et assure une excellente collaboration entre les acteurs.<\/span><\/p>\n<p>&nbsp;<\/p>\n<h5><b>T\u00c2CHES PRINCIPALES<\/b><\/h5>\n<p>&nbsp;<\/p>\n<p><b>GESTION DE PROJETS<\/b><\/p>\n<ul>\n<li style=\"font-weight: 400;\"><span style=\"font-weight: 400;\">S\u2019occupe de r\u00e9pondre et de g\u00e9rer les projets entrants (t\u00e9l\u00e9phone et info@);<\/span><\/li>\n<li style=\"font-weight: 400;\"><span style=\"font-weight: 400;\">D\u00e9termine le budget et produit les soumissions;<\/span><\/li>\n<li style=\"font-weight: 400;\"><span style=\"font-weight: 400;\">Participe avec les designers aux diff\u00e9rents processus d\u2019id\u00e9ation, de cr\u00e9ation et d\u2019\u00e9laboration d\u2019un projet qui r\u00e9pondent aux besoins des clients;<\/span><\/li>\n<li style=\"font-weight: 400;\"><span style=\"font-weight: 400;\">\u00c9value les prototypes, le design, les nouvelles composantes, les mati\u00e8res premi\u00e8res selon les contraintes des proc\u00e9d\u00e9s de fabrication, afin de r\u00e9pondre aux crit\u00e8res du design;<\/span><\/li>\n<li style=\"font-weight: 400;\"><span style=\"font-weight: 400;\">Organise et coordonne les diff\u00e9rentes t\u00e2ches et ressources n\u00e9cessaires au processus de production pour toutes les phases du projet, dans le respect des \u00e9ch\u00e9anciers;<\/span><\/li>\n<li style=\"font-weight: 400;\"><span style=\"font-weight: 400;\">Coordonne et partage l\u2019\u00e9tat d\u2019avancement des livrables aux diff\u00e9rents intervenants et \u00e0 l\u2019\u00e9quipe et met en place des solutions pour \u00e9liminer les \u00e9carts;<\/span><\/li>\n<li style=\"font-weight: 400;\"><span style=\"font-weight: 400;\">Approuve et\/ou fait approuver le travail effectu\u00e9 par les membres de son \u00e9quipe lorsque chaque \u00e9tape du travail est compl\u00e9t\u00e9e;<\/span><\/li>\n<li style=\"font-weight: 400;\"><span style=\"font-weight: 400;\">Assure la mobilisation de son \u00e9quipe de travail dans le but de maintenir un climat favorable au d\u00e9veloppement, \u00e0 la cr\u00e9ation et \u00e0 l\u2019atteinte des livrables;<\/span><\/li>\n<li style=\"font-weight: 400;\"><span style=\"font-weight: 400;\">Met en place ou optimise des m\u00e9thodes et processus de travail de son \u00e9quipe qui sont adapt\u00e9s pour r\u00e9pondre aux besoins du projet.<\/span><\/li>\n<\/ul>\n<p>&nbsp;<\/p>\n<p><b>T\u00c2CHES CONNEXES<\/b><\/p>\n<ul>\n<li style=\"font-weight: 400;\"><span style=\"font-weight: 400;\">Participe \u00e0 l\u2019archivage des projets (r\u00e9daction de bilans, sondage satisfaction clients, post mortem);<\/span><\/li>\n<li style=\"font-weight: 400;\"><span style=\"font-weight: 400;\">Participe aux diff\u00e9rentes r\u00e9unions d\u2019\u00e9quipe, si sa pr\u00e9sence est requise;<\/span><\/li>\n<li style=\"font-weight: 400;\"><span style=\"font-weight: 400;\">Propose des solutions de gestion de studio;<\/span><\/li>\n<li style=\"font-weight: 400;\"><span style=\"font-weight: 400;\">T\u00e2ches administratives connexes;<\/span><\/li>\n<li style=\"font-weight: 400;\"><span style=\"font-weight: 400;\">Toute autre t\u00e2che qui lui est demand\u00e9e pour aider l\u2019\u00e9quipe.<\/span><\/li>\n<\/ul>\n<p>&nbsp;<\/p>\n<h5><b>QUALIT\u00c9S ET QUALIFICATIONS REQUISES<\/b><\/h5>\n<ul>\n<li style=\"font-weight: 400;\"><span style=\"font-weight: 400;\">Formation pertinente en gestion de projets; <\/span><\/li>\n<li style=\"font-weight: 400;\"><span style=\"font-weight: 400;\">Environ 3 ans d\u2019exp\u00e9rience \u00e0 titre de charg\u00e9 de projets cr\u00e9atif;<\/span><\/li>\n<li style=\"font-weight: 400;\"><span style=\"font-weight: 400;\">Capacit\u00e9 \u00e0 coordonner plusieurs projets avec des \u00e9ch\u00e9ances;<\/span><\/li>\n<li style=\"font-weight: 400;\"><span style=\"font-weight: 400;\">Excellent sens de l\u2019organisation;<\/span><\/li>\n<li style=\"font-weight: 400;\"><span style=\"font-weight: 400;\">Bonne aptitude \u00e0 g\u00e9rer le stress;<\/span><\/li>\n<li style=\"font-weight: 400;\"><span style=\"font-weight: 400;\">D\u00e9brouillardise et autonomie;<\/span><\/li>\n<li style=\"font-weight: 400;\"><span style=\"font-weight: 400;\">Capacit\u00e9 \u00e0 \u00e9valuer et \u00e0 g\u00e9rer les priorit\u00e9s;<\/span><\/li>\n<li style=\"font-weight: 400;\"><span style=\"font-weight: 400;\">Excellent esprit d\u2019\u00e9quipe;<\/span><\/li>\n<li style=\"font-weight: 400;\"><span style=\"font-weight: 400;\">Sens d\u00e9velopp\u00e9 du leadership et de la proactivit\u00e9;<\/span><\/li>\n<li style=\"font-weight: 400;\"><span style=\"font-weight: 400;\">Excellentes comp\u00e9tences en relations interpersonnelles;<\/span><\/li>\n<li style=\"font-weight: 400;\"><span style=\"font-weight: 400;\">Excellentes capacit\u00e9s communicationnelles;<\/span><\/li>\n<li style=\"font-weight: 400;\"><span style=\"font-weight: 400;\">Service \u00e0 la client\u00e8le hors-pair;<\/span><\/li>\n<li style=\"font-weight: 400;\"><span style=\"font-weight: 400;\">Rigueur et soucis du d\u00e9tail;<\/span><\/li>\n<li style=\"font-weight: 400;\"><span style=\"font-weight: 400;\">Exp\u00e9rience dans la fabrication num\u00e9rique, les installations interactives, la robotique et \/ ou l\u2019\u00e9lectronique; <\/span><\/li>\n<li style=\"font-weight: 400;\"><span style=\"font-weight: 400;\">Exp\u00e9rience en gestion de budgets;<\/span><\/li>\n<li style=\"font-weight: 400;\"><span style=\"font-weight: 400;\">Disponibilit\u00e9 \u00e0 travailler le soir et les fins de semaine lors des p\u00e9riodes exceptionnelles de rush;<\/span><\/li>\n<li style=\"font-weight: 400;\"><span style=\"font-weight: 400;\">Capacit\u00e9 \u00e0 lire des plans;<\/span><\/li>\n<li style=\"font-weight: 400;\"><span style=\"font-weight: 400;\">Connaissances des logiciels Rhino, Adobe Illustrator, In Design;<\/span><\/li>\n<li style=\"font-weight: 400;\"><span style=\"font-weight: 400;\">Excellente ma\u00eetrise du fran\u00e7ais et de l\u2019anglais (autant \u00e0 l\u2019oral qu\u2019\u00e0 l\u2019\u00e9crit).<\/span><\/li>\n<\/ul>\n<p>&nbsp;<\/p>\n<h5><b>CE QUE NOUS OFFRONS <\/b><\/h5>\n<ul>\n<li style=\"font-weight: 400;\"><span style=\"font-weight: 400;\">Un environnement stimulant au sein duquel vous pourrez partager vos passions et apprendre pleins de nouvelles choses;<\/span><\/li>\n<li style=\"font-weight: 400;\"><span style=\"font-weight: 400;\">De fortes valeurs d\u2019\u00e9quipe;<\/span><\/li>\n<li style=\"font-weight: 400;\"><span style=\"font-weight: 400;\">Des sessions baby-foot sur l\u2019heure du lunch.<\/span><\/li>\n<\/ul>\n<p>&nbsp;<\/p>\n<h5><b>LIEU ET DUR\u00c9E D\u2019EMPLOI<\/b><\/h5>\n<p><span style=\"font-weight: 400;\">\u00c0 Robocut studio, 5425 avenue Casgrain #704<\/span><\/p>\n<p><span style=\"font-weight: 400;\">Poste permanent.<\/span><\/p>\n<p><span style=\"font-weight: 400;\">Temps plein (35h \/ semaine).<\/span><\/p>\n<p><span style=\"font-weight: 400;\">Salaire \u00e0 discuter selon l\u2019exp\u00e9rience.<\/span><\/p>\n<p>&nbsp;<\/p>\n<p><span style=\"font-weight: 400;\"><strong>Pour postuler :<\/strong> envoyez une lettre de pre\u0301sentation et votre CV incluant vos attentes salariales a\u0300 jobs@robocutstudio.com <strong>avant le <\/strong><\/span><span style=\"font-weight: 400;\"><strong>15 novembre 2018<\/strong>.<\/span><\/p>\n<p><span style=\"font-weight: 400;\">Seuls les candidats retenus seront contacte\u0301s.<\/span><\/p>\n<p><i><span style=\"font-weight: 400;\">Le masculin est utilis\u00e9 sans aucune discrimination et dans le seul but d\u2019all\u00e9ger le texte.<\/span><\/i><br \/>\nSeuls les candidats retenus seront contact\u00e9s. <\/p>\n","protected":false},"excerpt":{"rendered":"<p>&nbsp; RESPONSABILIT\u00c9S Sous la responsabilit\u00e9 du directeur technique, le gestionnaire de projet dirige les diff\u00e9rentes phases d\u2019un projet et agit en tant que point de contact pour les diff\u00e9rents intervenants. Il d\u00e9termine les enjeux et les besoins d\u2019un projet, pilote sa mise en \u0153uvre et&#8230;<\/p>\n","protected":false},"author":7,"featured_media":0,"parent":0,"menu_order":0,"comment_status":"closed","ping_status":"closed","template":"","meta":{"footnotes":"","_links_to":"","_links_to_target":""},"class_list":["post-8425","page","type-page","status-publish","hentry"],"_links":{"self":[{"href":"https:\/\/robocutstudio.com\/fr\/wp-json\/wp\/v2\/pages\/8425\/"}],"collection":[{"href":"https:\/\/robocutstudio.com\/fr\/wp-json\/wp\/v2\/pages\/"}],"about":[{"href":"https:\/\/robocutstudio.com\/fr\/wp-json\/wp\/v2\/types\/page\/"}],"author":[{"embeddable":true,"href":"https:\/\/robocutstudio.com\/fr\/wp-json\/wp\/v2\/users\/7\/"}],"replies":[{"embeddable":true,"href":"https:\/\/robocutstudio.com\/fr\/wp-json\/wp\/v2\/comments\/?post=8425"}],"version-history":[{"count":0,"href":"https:\/\/robocutstudio.com\/fr\/wp-json\/wp\/v2\/pages\/8425\/revisions\/"}],"wp:attachment":[{"href":"https:\/\/robocutstudio.com\/fr\/wp-json\/wp\/v2\/media\/?parent=8425"}],"curies":[{"name":"wp","href":"https:\/\/api.w.org\/{rel}","templated":true}]}}