{"id":8297,"date":"2018-07-30T14:46:52","date_gmt":"2018-07-30T18:46:52","guid":{"rendered":"http:\/\/robocutstudio.com\/recherche-developpeur-electronique\/"},"modified":"2018-07-30T15:59:36","modified_gmt":"2018-07-30T19:59:36","slug":"recherche-developpeur-electronique","status":"publish","type":"page","link":"https:\/\/robocutstudio.com\/fr\/recherche-developpeur-electronique\/","title":{"rendered":"RECHERCHE D\u00c9VELOPPEUR \u00c9LECTRONIQUE"},"content":{"rendered":"<div class=\"wpb-content-wrapper\"><p>[vc_row][vc_column][vc_single_image image=\u00a0\u00bb8291&Prime; img_size=\u00a0\u00bbfull\u00a0\u00bb alignment=\u00a0\u00bbcenter\u00a0\u00bb][\/vc_column][\/vc_row][vc_row][vc_column][vc_column_text]<\/p>\n<h5><b>RESPONSABILIT\u00c9S<\/b><\/h5>\n<p>&nbsp;<\/p>\n<p><span style=\"font-weight: 400;\">Sous la responsabilit\u00e9 du directeur technique et des charg\u00e9-e-s de projet, le d\u00e9veloppeur effectue les diff\u00e9rentes t\u00e2ches de production \u00e9lectronique sur des diff\u00e9rents projets ponctuels de Robocut studio.<\/span><\/p>\n<p>&nbsp;<\/p>\n<h5><b>T\u00c2CHES<\/b><\/h5>\n<p>&nbsp;<\/p>\n<p><span style=\"font-weight: 400;\">\u00c9valuer et pr\u00e9parer les projets de d\u00e9veloppement \u00e9lectronique pour les soumissions<\/span><\/p>\n<p><span style=\"font-weight: 400;\">\u00c9laborer les sp\u00e9cifications des syst\u00e8mes \u00e9lectroniques<\/span><\/p>\n<p><span style=\"font-weight: 400;\">Pr\u00e9parer et suivre les \u00e9ch\u00e9anciers\u00a0<\/span><\/p>\n<p><span style=\"font-weight: 400;\">Faire la recherche et l\u2019\u00e9valuation des composants disponibles\u00a0<\/span><\/p>\n<p><span style=\"font-weight: 400;\">Faire la conception des sch\u00e9mas \u00e9lectriques et des circuits imprim\u00e9s\u00a0<\/span><\/p>\n<p><span style=\"font-weight: 400;\">D\u00e9velopper et assembler les circuits prototypes\u00a0<\/span><\/p>\n<p><span style=\"font-weight: 400;\">Faire de la programmation de bas niveau (firmware)\u00a0<\/span><\/p>\n<p><span style=\"font-weight: 400;\">Faire les tests de validation et de certification.(au besoin)<\/span><\/p>\n<p><span style=\"font-weight: 400;\">T\u00e2ches connexes<\/span><\/p>\n<p>&nbsp;<\/p>\n<h5><b>QUALIT\u00c9S ET QUALIFICATIONS REQUISES<\/b><\/h5>\n<p>&nbsp;<\/p>\n<p><span style=\"font-weight: 400;\">Formation et\/ou exp\u00e9rience pertinente en \u00e9lectronique. <\/span><\/p>\n<p><span style=\"font-weight: 400;\">Exp\u00e9rience en recherche et d\u00e9veloppement, instrumentation, design et montage, d\u00e9veloppement de produits, design m\u00e9canique et \u00e9lectronique, robotique, syst\u00e8mes asservis et contr\u00f4le.<\/span><\/p>\n<p><span style=\"font-weight: 400;\">Exp\u00e9rience en conception, diagnostique et test de prototypes en recherche et d\u00e9veloppement<\/span><\/p>\n<p><span style=\"font-weight: 400;\">Connaissances pertinentes en \u00e9lectronique telle que la programmation de microcontr\u00f4leurs, la gestion de l\u2019alimentation, etc.<\/span><\/p>\n<p><span style=\"font-weight: 400;\">Exp\u00e9rience en d\u00e9veloppement de produits<\/span><\/p>\n<p><span style=\"font-weight: 400;\">Ma\u00eetrise du langage arduino, python.<\/span><\/p>\n<p><span style=\"font-weight: 400;\">Connaissance de Eagle ou Kicad pour design PCB<\/span><\/p>\n<p><span style=\"font-weight: 400;\">Autonomie et capacit\u00e9 \u00e0 travailler en \u00e9quipe<\/span><\/p>\n<p><span style=\"font-weight: 400;\">Capacit\u00e9 \u00e0 g\u00e9rer son temps (respect des d\u00e9lais)<\/span><\/p>\n<p><span style=\"font-weight: 400;\">Sens de l\u2019organisation<\/span><\/p>\n<p><span style=\"font-weight: 400;\">D\u00e9brouillardise et initiative<\/span><\/p>\n<p><span style=\"font-weight: 400;\">Sens de la finition (respecter les niveaux de finition selon les consignes)<\/span><\/p>\n<p><span style=\"font-weight: 400;\">Sens des responsabilit\u00e9 et d\u2019appartenance sur les projets<\/span><\/p>\n<p><span style=\"font-weight: 400;\">Ma\u00eetrise du fran\u00e7ais et de l\u2019anglais, autant \u00e0 l\u2019oral qu\u2019\u00e0 l\u2019\u00e9crit.<\/span><\/p>\n<p>&nbsp;<\/p>\n<h5><b>LIEU ET DUR\u00c9E D\u2019EMPLOI<\/b><\/h5>\n<p>&nbsp;<\/p>\n<p><span style=\"font-weight: 400;\">\u00c0 l\u2019atelier de Robocut studio (Mile-End)<\/span><\/p>\n<p><span style=\"font-weight: 400;\">Temps plein (35h \/ semaine)<\/span><\/p>\n<p><span style=\"font-weight: 400;\">Salaire \u00e0 discuter selon l\u2019exp\u00e9rience<\/span><\/p>\n<p>&nbsp;<\/p>\n<p><i><span style=\"font-weight: 400;\">Le candidat s\u00e9lectionn\u00e9 pourra \u00eatre engag\u00e9 sous condition de r\u00e9pondre aux exigences de Robocut studio suite \u00e0 une p\u00e9riode d\u2019essai de 3 mois.<\/span><\/i><\/p>\n<p><span style=\"font-weight: 400;\">\u2014\u2014\u2014\u2014\u2014\u2014\u2014\u2014\u2014\u2014\u2014\u2014\u2014-<\/span><\/p>\n<p><span style=\"font-weight: 400;\">Le masculin est utilis\u00e9 sans aucune discrimination et dans le seul but d\u2019all\u00e9ger le texte.<\/span><\/p>\n<p>&nbsp;<\/p>\n<h4><b>ENVOY\u00c9S VOS CV ET PORTFOLIO \u00c0:\u00a0\u00a0<\/b><a href=\"mailto:INFO@ROBOCUTSTUDIO.COM\"><b>INFO@ROBOCUTSTUDIO.COM<\/b><\/a><\/h4>\n<p>[\/vc_column_text][\/vc_column][\/vc_row]<\/p>\n<\/div>","protected":false},"excerpt":{"rendered":"<p>[vc_row][vc_column][vc_single_image image=\u00a0\u00bb8291&Prime; img_size=\u00a0\u00bbfull\u00a0\u00bb alignment=\u00a0\u00bbcenter\u00a0\u00bb][\/vc_column][\/vc_row][vc_row][vc_column][vc_column_text] RESPONSABILIT\u00c9S &nbsp; Sous la responsabilit\u00e9 du directeur technique et des charg\u00e9-e-s de projet, le d\u00e9veloppeur effectue les diff\u00e9rentes t\u00e2ches de production \u00e9lectronique sur des diff\u00e9rents projets ponctuels de Robocut studio. &nbsp; T\u00c2CHES &nbsp; \u00c9valuer et pr\u00e9parer les projets de d\u00e9veloppement \u00e9lectronique&#8230;<\/p>\n","protected":false},"author":7,"featured_media":0,"parent":0,"menu_order":0,"comment_status":"closed","ping_status":"closed","template":"","meta":{"footnotes":"","_links_to":"","_links_to_target":""},"class_list":["post-8297","page","type-page","status-publish","hentry"],"_links":{"self":[{"href":"https:\/\/robocutstudio.com\/fr\/wp-json\/wp\/v2\/pages\/8297\/"}],"collection":[{"href":"https:\/\/robocutstudio.com\/fr\/wp-json\/wp\/v2\/pages\/"}],"about":[{"href":"https:\/\/robocutstudio.com\/fr\/wp-json\/wp\/v2\/types\/page\/"}],"author":[{"embeddable":true,"href":"https:\/\/robocutstudio.com\/fr\/wp-json\/wp\/v2\/users\/7\/"}],"replies":[{"embeddable":true,"href":"https:\/\/robocutstudio.com\/fr\/wp-json\/wp\/v2\/comments\/?post=8297"}],"version-history":[{"count":0,"href":"https:\/\/robocutstudio.com\/fr\/wp-json\/wp\/v2\/pages\/8297\/revisions\/"}],"wp:attachment":[{"href":"https:\/\/robocutstudio.com\/fr\/wp-json\/wp\/v2\/media\/?parent=8297"}],"curies":[{"name":"wp","href":"https:\/\/api.w.org\/{rel}","templated":true}]}}