{"id":5360,"date":"2015-03-14T10:13:40","date_gmt":"2015-03-14T14:13:40","guid":{"rendered":"http:\/\/robocutstudio.com\/?page_id=5360"},"modified":"2023-01-17T18:09:37","modified_gmt":"2023-01-17T23:09:37","slug":"accueil-new","status":"publish","type":"page","link":"https:\/\/robocutstudio.com\/fr\/accueil-new\/","title":{"rendered":"Robocut studio &#8211; Design et fabrication num\u00e9rique pour les cr\u00e9atifs"},"content":{"rendered":"<div class=\"wpb-content-wrapper\"><p>[vc_row][vc_column][vc_raw_html]JTNDZGl2JTIwY2xhc3MlM0QlMjJ0aXRsZV9mcm9udHBhZ2UlMjIlM0UlMEElM0NkaXYlMjBjbGFzcyUzRCUyMmZyb250aW1hZ2VfY29udGFpbmVyJTIyJTNFJTBBJTNDaW1nJTIwc3JjJTNEJTIyaHR0cCUzQSUyRiUyRnJvYm9jdXRzdHVkaW8uY29tJTJGd3AtY29udGVudCUyRnVwbG9hZHMlMkYyMDE2JTJGMDglMkZyb2JvY3V0X2xvZ29fZnJvbnRwYWdlX3YyX0ZSLnBuZyUyMiUzRSUwQSUzQyUyRmRpdiUzRSUwQSUzQ2JyJTNFJTNDYnIlM0UlMEElMEElMEElM0NkaXYlMjBjbGFzcyUzRCUyMnRpdGxlX2Zyb250cGFnZV90eHQlMjIlM0VkZXNpZ24lMjBldCUyMGZhYnJpY2F0aW9uJTIwbnVtJUMzJUE5cmlxdWUlMjBwb3VyJTIwbGVzJTIwY3IlQzMlQTlhdGlmcyUzQyUyRmRpdiUzRSUwQSUzQyUyRmRpdiUzRSUwQSUwQSUwQSUwQSUwQSUwQSUwQSUwQSUwQSUwQSUzQyUyRmRpdiUzRQ==[\/vc_raw_html][vc_column_text]<div id=\"qode-videoreel_2018_fr\" class=\"carousel slide  full_screen  q_auto_start   header_not_transparent\" data-slide_animation=\"6000\"  data-parallax=\"no\" style=\" background-color:#000;\"><div class=\"qode_slider_preloader\"><\/div><div class=\"carousel-inner relative_position\" data-start=\"transform: translateY(0px);\" data-1440=\"transform: translateY(-500px);\"><div class=\"item \"   style=\"\"><div class=\"video\"><div class=\"mobile-video-image\" style=\"background-image: url()\"><\/div><div class=\"video-overlay\"><img decoding=\"async\" src=\"https:\/\/robocutstudio.com\/wp-content\/themes\/soho\/css\/img\/pixel-video.png\" alt=\"\" \/><\/div><div class=\"video-wrap\">\n                                    \n                                    <video class=\"video\"  poster=\"\" controls=\"controls\" preload=\"auto\" loop autoplay muted playsinline><source type=\"video\/mp4\" src=\"https:\/\/robocutstudio.com\/wp-content\/uploads\/2018\/09\/RoboDemoReel_2018_web_NOTITLE_NOSOUND.mp4\"><object width=\"320\" height=\"240\" type=\"application\/x-shockwave-flash\" data=\"https:\/\/robocutstudio.com\/wp-content\/themes\/soho\/js\/flashmediaelement.swf\">\n                                                    <param name=\"movie\" value=\"https:\/\/robocutstudio.com\/wp-content\/themes\/soho\/js\/flashmediaelement.swf\" \/>\n                                                    <param name=\"flashvars\" value=\"controls=true&file=https:\/\/robocutstudio.com\/wp-content\/uploads\/2018\/09\/RoboDemoReel_2018_web_NOTITLE_NOSOUND.mp4\" \/>\n                                                    <img loading=\"lazy\" decoding=\"async\" src=\"\" width=\"1920\" height=\"800\" title=\"No video playback capabilities\" alt=\"Video thumb\" \/>\n                                            <\/object>\n                                    <\/video>        \n                            <\/div><\/div><div class=\"slider_content_outer\"><div class=\"slider_content \" style=\"width:100%;left: 0%;top: 30%;\" data-start=\"width:100%; opacity:1; left: 0%; top: 30%;\" data-300=\"opacity: 0; left: 0%; top: 10%;\"><div class=\"text all_at_once\"><\/div><\/div><\/div><\/div><\/div><\/div>[\/vc_column_text][vc_raw_html]JTNDYSUyMGhyZWYlM0QlMjIlMjNleHBsb3JlJTIyJTIwY2xhc3MlM0QlMjJ0cmFuc2l0aW9uJTIyJTNFJTNDZGl2JTIwY2xhc3MlM0QlMjJpY29uLXNjcm9sbCUyMiUzRSUyMCUzQyUyRmRpdiUzRSUzQyUyRmElM0UlMEElMEE=[\/vc_raw_html][\/vc_column][\/vc_row][vc_row][vc_column][vc_raw_html]JTNDYSUyMGlkJTNEJTIyZXhwbG9yZSUyMiUyMGNsYXNzJTNEJTIydHJhbnNpdGlvbiUyMiUzRSUzQyUyRmElM0U=[\/vc_raw_html][vc_column_text]<\/p>\n<div class=\"full_section_inner clearfix subtitle\">\n<div style=\"background-color: #ee2d2d; color: white; font-weight: bold; padding: 10px; font-size: 22px;\">\n<div style=\"text-align: center; margin: 20px; font-weight: bold; font-size: 20px;\">NOUS AIDONS LES CR\u00c9ATIFS DE TOUS LES DOMAINES \u00c0 DONNER VIE \u00c0 LEURS ID\u00c9ES ET CONCEPTS \u00c0 L\u2019AIDE DES TECHNOLOGIES DE FABRICATION DE POINTE<\/div>\n<\/div>\n<\/div>\n<p>[\/vc_column_text][vc_empty_space height=\u00a0\u00bb55px\u00a0\u00bb][\/vc_column][\/vc_row][vc_row][vc_column][vc_column_text]<\/p>\n<div class=\"front_newstitle\">QUI SOMMES-NOUS?<\/div>\n<p>[\/vc_column_text][\/vc_column][\/vc_row][vc_row][vc_column width=\u00a0\u00bb1\/6&Prime;][vc_column_text]<br \/>\n[\/vc_column_text][\/vc_column][vc_column width=\u00a0\u00bb2\/3&Prime;][vc_empty_space height=\u00a0\u00bb15px\u00a0\u00bb][vc_column_text]<\/p>\n<p style=\"text-align: center;\"><span style=\"font-weight: 400;\">Robocut Studio est une agence de services cl\u00e9 en main sp\u00e9cialis\u00e9e depuis 2008 dans la conception et la fabrication de projets uniques int\u00e9grant technologie et interactivit\u00e9. <\/span><\/p>\n<p style=\"text-align: center;\"><span style=\"font-weight: 400;\">Son \u00e9quipe pluridisciplinaire compos\u00e9e de designers industriels et de concepteurs en nouveaux m\u00e9dias et en technologies lui permet de se placer \u00e0 l\u2019avant-sc\u00e8ne de l\u2019industrie culturelle et artistique de Montr\u00e9al.<\/span><\/p>\n<p>[\/vc_column_text][\/vc_column][vc_column width=\u00a0\u00bb1\/6&Prime;][vc_column_text]<br \/>\n[\/vc_column_text][\/vc_column][\/vc_row][vc_row][vc_column][vc_empty_space height=\u00a0\u00bb20px\u00a0\u00bb][\/vc_column][\/vc_row][vc_row][vc_column][vc_column_text]<\/p>\n<div class=\"front_newstitle\">QU\u2019EST CE QU\u2019ON FAIT?<\/div>\n<p>[\/vc_column_text][\/vc_column][\/vc_row][vc_row][vc_column width=\u00a0\u00bb1\/6&Prime;][vc_column_text]<br \/>\n[\/vc_column_text][\/vc_column][vc_column width=\u00a0\u00bb2\/3&Prime;][vc_empty_space height=\u00a0\u00bb15px\u00a0\u00bb][vc_column_text]<\/p>\n<p style=\"text-align: center;\"><strong>CONCEPTION \u00a0\/ GESTION DE PROJETS \/ FABRICATION ET INSTALLATION<\/strong><\/p>\n<p>&nbsp;<\/p>\n<p style=\"text-align: center;\"><span style=\"font-weight: 400;\">Installations interactives &amp; expositions<\/span><br \/>\n<span style=\"font-weight: 400;\">D\u00e9cors &amp; accessoires<\/span><br \/>\n<span style=\"font-weight: 400;\">\u00c9lectronique &amp; robotique<\/span><br \/>\n<span style=\"font-weight: 400;\">D\u00e9veloppement de produits &amp; design industriel<\/span><br \/>\n<span style=\"font-weight: 400;\">Maquettes &amp; mod\u00e8les r\u00e9duits<\/span><\/p>\n<p>[\/vc_column_text][\/vc_column][vc_column width=\u00a0\u00bb1\/6&Prime;][vc_column_text]<br \/>\n[\/vc_column_text][\/vc_column][\/vc_row][vc_row][vc_column][vc_empty_space height=\u00a0\u00bb20px\u00a0\u00bb][\/vc_column][\/vc_row][vc_row][vc_column][vc_column_text]<\/p>\n<div class=\"front_newstitle\">COMMENT?<\/div>\n<p>[\/vc_column_text][\/vc_column][\/vc_row][vc_row][vc_column width=\u00a0\u00bb1\/6&Prime;][vc_column_text]<br \/>\n[\/vc_column_text][\/vc_column][vc_column width=\u00a0\u00bb2\/3&Prime;][vc_empty_space height=\u00a0\u00bb15px\u00a0\u00bb][vc_column_text]<\/p>\n<p style=\"text-align: center;\"><span style=\"font-weight: 400;\">Le studio est \u00e9quip\u00e9 non seulement de cerveaux cr\u00e9atifs, mais aussi de toute la machinerie n\u00e9cessaire \u00e0 la r\u00e9alisation de projets de tout genre. <\/span><\/p>\n<p style=\"text-align: center;\"><span style=\"font-weight: 400;\">D\u00e9coupe, gravure laser ou CNC, impression 3D, \u00e9lectronique et programmation sur mesure, moulage et coul\u00e9es, prototypage et productions cl\u00e9 en main, le studio Robocut se sp\u00e9cialise dans le m\u00e9lange des proc\u00e9d\u00e9s, des technologies et des mat\u00e9riaux pour donner vie aux projets les plus fous, q<\/span><span style=\"font-weight: 400;\">uelque soit le stade de votre id\u00e9e.<\/span><\/p>\n<p>[\/vc_column_text][\/vc_column][vc_column width=\u00a0\u00bb1\/6&Prime;][vc_column_text]<br \/>\n[\/vc_column_text][\/vc_column][\/vc_row][vc_row][vc_column][vc_empty_space height=\u00a0\u00bb20px\u00a0\u00bb][\/vc_column][\/vc_row][vc_row][vc_column width=\u00a0\u00bb1\/4&Prime;][vc_column_text]<br \/>\n[\/vc_column_text][\/vc_column][vc_column width=\u00a0\u00bb1\/4&Prime;]<a href=\"https:\/\/robocutstudio.com\/fr\/services\/\" target=\"_self\" class=\"qbutton  big_large_full_width center\" style=\"color: #ee2d2d; background-color: #ffffff;border-color: #dd3333; font-style: normal; font-weight: 800; \" data-hover-background-color=#ee2d2d data-hover-border-color=#dd3333 data-hover-color=#ffffff><span>Nos services<\/span><\/a>[\/vc_column][vc_column width=\u00a0\u00bb1\/4&Prime;]<a href=\"https:\/\/robocutstudio.com\/fr\/portfolio\/\" target=\"_self\" class=\"qbutton  big_large_full_width center\" style=\"border-color: #dd3333; font-style: normal; font-weight: 800; \" data-hover-border-color=#dd3333 ><span>Notre portfolio<\/span><\/a>[\/vc_column][vc_column width=\u00a0\u00bb1\/4&Prime;][vc_column_text]<br \/>\n[\/vc_column_text][\/vc_column][\/vc_row][vc_row][vc_column][vc_empty_space height=\u00a0\u00bb60px\u00a0\u00bb][vc_column_text]<\/p>\n<p>[\/vc_column_text][\/vc_column][\/vc_row][vc_row][vc_column][vc_separator separator_width=\u00a0\u00bb80&Prime; separator_color=\u00a0\u00bb#dd3333&Prime; thickness=\u00a0\u00bb2&Prime; up=\u00a0\u00bb15&Prime; down=\u00a0\u00bb15&Prime;][vc_empty_space][\/vc_column][\/vc_row][vc_row][vc_column][vc_column_text]<\/p>\n<div class=\"front_newstitle\">DERNI\u00c8RES ROBONOUVELLES<\/div>\n<p>[\/vc_column_text][\/vc_column][\/vc_row][vc_row][vc_column][vc_empty_space][\/vc_column][\/vc_row][vc_row][vc_column]<div class='latest_post_holder boxes four_columns'><ul><li class=\"clearfix\"><div class=\"boxes_image\"><a href=\"https:\/\/robocutstudio.com\/fr\/emploi-specialiste-en-finition-technicien-ne-datelier\/\" target=\"_self\"><img loading=\"lazy\" decoding=\"async\" width=\"550\" height=\"550\" src=\"https:\/\/robocutstudio.com\/wp-content\/uploads\/2024\/05\/Untitled-1-550x550.jpg\" class=\"attachment-soho-portfolio-list-square size-soho-portfolio-list-square wp-post-image\" alt=\"\" srcset=\"https:\/\/robocutstudio.com\/wp-content\/uploads\/2024\/05\/Untitled-1-550x550.jpg 550w, https:\/\/robocutstudio.com\/wp-content\/uploads\/2024\/05\/Untitled-1-200x200.jpg 200w\" sizes=\"auto, (max-width: 550px) 100vw, 550px\" \/><\/a><\/div><span class=\"post_description\" style=\"\"><span class=\"post_date\">07 Mai 2024<\/span> - <span class=\"post_author_name\"> by Tomi Demers<\/span><\/span><div class=\"latest_post\" style=\"background-image: none;\"><div class=\"latest_post_text\"><div class=\"latest_post_inner\"><div class=\"latest_post_text_inner\"><h5 class=\"latest_post_title\"><a style=\"\" href=\"https:\/\/robocutstudio.com\/fr\/emploi-specialiste-en-finition-technicien-ne-datelier\/\" target=\"_self\">EMPLOI: SP\u00c9CIALISTE EN FINITION \/ TECHNICIEN.NE D&rsquo;ATELIER<\/a><\/h5><p class=\"boxes_excerpt\">Robocut Studio est sp\u00e9cialis\u00e9, depuis 2008, dans la conception et la fabrication de projets uniques int\u00e9grant technologie et interactivit\u00e9. POSTE \u00c0 CO...<\/p><div class=\"post_info\"><\/div><span class=\"post_read_more\"><a href=\"https:\/\/robocutstudio.com\/fr\/emploi-specialiste-en-finition-technicien-ne-datelier\/\" target=\"_self\">Read More<\/a><\/span><\/div><\/div><\/div><\/div><li class=\"clearfix\"><div class=\"boxes_image\"><a href=\"https:\/\/robocutstudio.com\/fr\/emploi-ebeniste-assembleur-euse\/\" target=\"_self\"><img loading=\"lazy\" decoding=\"async\" width=\"550\" height=\"550\" src=\"https:\/\/robocutstudio.com\/wp-content\/uploads\/2024\/05\/Untitled-4-550x550.jpg\" class=\"attachment-soho-portfolio-list-square size-soho-portfolio-list-square wp-post-image\" alt=\"\" srcset=\"https:\/\/robocutstudio.com\/wp-content\/uploads\/2024\/05\/Untitled-4-550x550.jpg 550w, https:\/\/robocutstudio.com\/wp-content\/uploads\/2024\/05\/Untitled-4-200x200.jpg 200w\" sizes=\"auto, (max-width: 550px) 100vw, 550px\" \/><\/a><\/div><span class=\"post_description\" style=\"\"><span class=\"post_date\">07 Mai 2024<\/span> - <span class=\"post_author_name\"> by Tomi Demers<\/span><\/span><div class=\"latest_post\" style=\"background-image: none;\"><div class=\"latest_post_text\"><div class=\"latest_post_inner\"><div class=\"latest_post_text_inner\"><h5 class=\"latest_post_title\"><a style=\"\" href=\"https:\/\/robocutstudio.com\/fr\/emploi-ebeniste-assembleur-euse\/\" target=\"_self\">EMPLOI: \u00c9B\u00c9NISTE \/ ASSEMBLEUR.EUSE<\/a><\/h5><p class=\"boxes_excerpt\">Robocut Studio est sp\u00e9cialis\u00e9, depuis 2008, dans la conception et la fabrication de projets uniques int\u00e9grant technologie et interactivit\u00e9. POSTE \u00c0 CO...<\/p><div class=\"post_info\"><\/div><span class=\"post_read_more\"><a href=\"https:\/\/robocutstudio.com\/fr\/emploi-ebeniste-assembleur-euse\/\" target=\"_self\">Read More<\/a><\/span><\/div><\/div><\/div><\/div><li class=\"clearfix\"><div class=\"boxes_image\"><a href=\"https:\/\/robocutstudio.com\/fr\/cohorte-2021-du-parcours-developpement-durable-de-montreal\/\" target=\"_self\"><img loading=\"lazy\" decoding=\"async\" width=\"550\" height=\"419\" src=\"https:\/\/robocutstudio.com\/wp-content\/uploads\/2022\/12\/CERTIFICATION_N1_FR_RGB_copie1-e1657639766574.png\" class=\"attachment-soho-portfolio-list-square size-soho-portfolio-list-square wp-post-image\" alt=\"\" srcset=\"https:\/\/robocutstudio.com\/wp-content\/uploads\/2022\/12\/CERTIFICATION_N1_FR_RGB_copie1-e1657639766574.png 1050w, https:\/\/robocutstudio.com\/wp-content\/uploads\/2022\/12\/CERTIFICATION_N1_FR_RGB_copie1-e1657639766574-328x250.png 328w, https:\/\/robocutstudio.com\/wp-content\/uploads\/2022\/12\/CERTIFICATION_N1_FR_RGB_copie1-e1657639766574-1024x780.png 1024w, https:\/\/robocutstudio.com\/wp-content\/uploads\/2022\/12\/CERTIFICATION_N1_FR_RGB_copie1-e1657639766574-768x585.png 768w, https:\/\/robocutstudio.com\/wp-content\/uploads\/2022\/12\/CERTIFICATION_N1_FR_RGB_copie1-e1657639766574-990x754.png 990w\" sizes=\"auto, (max-width: 550px) 100vw, 550px\" \/><\/a><\/div><span class=\"post_description\" style=\"\"><span class=\"post_date\">15 D\u00e9c 2022<\/span> - <span class=\"post_author_name\"> by Tomi Demers<\/span><\/span><div class=\"latest_post\" style=\"background-image: none;\"><div class=\"latest_post_text\"><div class=\"latest_post_inner\"><div class=\"latest_post_text_inner\"><h5 class=\"latest_post_title\"><a style=\"\" href=\"https:\/\/robocutstudio.com\/fr\/cohorte-2021-du-parcours-developpement-durable-de-montreal\/\" target=\"_self\">Certification \u00c9coresponsable<\/a><\/h5><p class=\"boxes_excerpt\">Robocut est maintenant certifi\u00e9 \u00c9coresponsable Nous avons eu la chance de participer au parcours d\u00e9veloppement durable 2021. En participant, Robocut s...<\/p><div class=\"post_info\"><\/div><span class=\"post_read_more\"><a href=\"https:\/\/robocutstudio.com\/fr\/cohorte-2021-du-parcours-developpement-durable-de-montreal\/\" target=\"_self\">Read More<\/a><\/span><\/div><\/div><\/div><\/div><li class=\"clearfix\"><div class=\"boxes_image\"><a href=\"https:\/\/robocutstudio.com\/fr\/joyeuses-fetes\/\" target=\"_self\"><img loading=\"lazy\" decoding=\"async\" width=\"550\" height=\"244\" src=\"https:\/\/robocutstudio.com\/wp-content\/uploads\/2020\/12\/visuel-Noel-phil2020.jpg\" class=\"attachment-soho-portfolio-list-square size-soho-portfolio-list-square wp-post-image\" alt=\"\" srcset=\"https:\/\/robocutstudio.com\/wp-content\/uploads\/2020\/12\/visuel-Noel-phil2020.jpg 1200w, https:\/\/robocutstudio.com\/wp-content\/uploads\/2020\/12\/visuel-Noel-phil2020-382x169.jpg 382w, https:\/\/robocutstudio.com\/wp-content\/uploads\/2020\/12\/visuel-Noel-phil2020-1024x454.jpg 1024w, https:\/\/robocutstudio.com\/wp-content\/uploads\/2020\/12\/visuel-Noel-phil2020-768x340.jpg 768w, https:\/\/robocutstudio.com\/wp-content\/uploads\/2020\/12\/visuel-Noel-phil2020-1100x488.jpg 1100w, https:\/\/robocutstudio.com\/wp-content\/uploads\/2020\/12\/visuel-Noel-phil2020-990x439.jpg 990w\" sizes=\"auto, (max-width: 550px) 100vw, 550px\" \/><\/a><\/div><span class=\"post_description\" style=\"\"><span class=\"post_date\">24 D\u00e9c 2020<\/span> - <span class=\"post_author_name\"> by Tomi Demers<\/span><\/span><div class=\"latest_post\" style=\"background-image: none;\"><div class=\"latest_post_text\"><div class=\"latest_post_inner\"><div class=\"latest_post_text_inner\"><h5 class=\"latest_post_title\"><a style=\"\" href=\"https:\/\/robocutstudio.com\/fr\/joyeuses-fetes\/\" target=\"_self\">JOYEUSES F\u00caTES<\/a><\/h5><p class=\"boxes_excerpt\">Cette ann\u00e9e, Robocut (comme vous tous !) a d\u00fb relever un tas de nouveaux d\u00e9fis ! Merci \u00e0 nos clients pour leur confiance. Gr\u00e2ce \u00e0 vous, nous avons pu ...<\/p><div class=\"post_info\"><\/div><span class=\"post_read_more\"><a href=\"https:\/\/robocutstudio.com\/fr\/joyeuses-fetes\/\" target=\"_self\">Read More<\/a><\/span><\/div><\/div><\/div><\/div><\/ul><\/div>[\/vc_column][\/vc_row][vc_row][vc_column][vc_empty_space height=\u00a0\u00bb5px\u00a0\u00bb][\/vc_column][\/vc_row][vc_row][vc_column width=\u00a0\u00bb1\/3&Prime;][vc_column_text]<br \/>\n[\/vc_column_text][\/vc_column][vc_column width=\u00a0\u00bb1\/3&Prime;]<a href=\"https:\/\/robocutstudio.com\/fr\/robonouvelles\/\" target=\"_self\" class=\"qbutton  big_large_full_width center\" style=\"\" ><span>EN VOIR PLUS<\/span><\/a>[\/vc_column][vc_column width=\u00a0\u00bb1\/3&Prime;][vc_column_text]<br \/>\n[\/vc_column_text][\/vc_column][\/vc_row][vc_row][vc_column][vc_empty_space height=\u00a0\u00bb20px\u00a0\u00bb][\/vc_column][\/vc_row]<\/p>\n<\/div>","protected":false},"excerpt":{"rendered":"<p>[vc_row][vc_column][vc_raw_html]JTNDZGl2JTIwY2xhc3MlM0QlMjJ0aXRsZV9mcm9udHBhZ2UlMjIlM0UlMEElM0NkaXYlMjBjbGFzcyUzRCUyMmZyb250aW1hZ2VfY29udGFpbmVyJTIyJTNFJTBBJTNDaW1nJTIwc3JjJTNEJTIyaHR0cCUzQSUyRiUyRnJvYm9jdXRzdHVkaW8uY29tJTJGd3AtY29udGVudCUyRnVwbG9hZHMlMkYyMDE2JTJGMDglMkZyb2JvY3V0X2xvZ29fZnJvbnRwYWdlX3YyX0ZSLnBuZyUyMiUzRSUwQSUzQyUyRmRpdiUzRSUwQSUzQ2JyJTNFJTNDYnIlM0UlMEElMEElMEElM0NkaXYlMjBjbGFzcyUzRCUyMnRpdGxlX2Zyb250cGFnZV90eHQlMjIlM0VkZXNpZ24lMjBldCUyMGZhYnJpY2F0aW9uJTIwbnVtJUMzJUE5cmlxdWUlMjBwb3VyJTIwbGVzJTIwY3IlQzMlQTlhdGlmcyUzQyUyRmRpdiUzRSUwQSUzQyUyRmRpdiUzRSUwQSUwQSUwQSUwQSUwQSUwQSUwQSUwQSUwQSUwQSUzQyUyRmRpdiUzRQ==[\/vc_raw_html][vc_column_text][\/vc_column_text][vc_raw_html]JTNDYSUyMGhyZWYlM0QlMjIlMjNleHBsb3JlJTIyJTIwY2xhc3MlM0QlMjJ0cmFuc2l0aW9uJTIyJTNFJTNDZGl2JTIwY2xhc3MlM0QlMjJpY29uLXNjcm9sbCUyMiUzRSUyMCUzQyUyRmRpdiUzRSUzQyUyRmElM0UlMEElMEE=[\/vc_raw_html][\/vc_column][\/vc_row][vc_row][vc_column][vc_raw_html]JTNDYSUyMGlkJTNEJTIyZXhwbG9yZSUyMiUyMGNsYXNzJTNEJTIydHJhbnNpdGlvbiUyMiUzRSUzQyUyRmElM0U=[\/vc_raw_html][vc_column_text] NOUS AIDONS LES CR\u00c9ATIFS DE TOUS LES DOMAINES \u00c0 DONNER VIE \u00c0 LEURS ID\u00c9ES ET CONCEPTS \u00c0 L\u2019AIDE DES TECHNOLOGIES DE FABRICATION DE POINTE [\/vc_column_text][vc_empty_space height=\u00a0\u00bb55px\u00a0\u00bb][\/vc_column][\/vc_row][vc_row][vc_column][vc_column_text] QUI SOMMES-NOUS? [\/vc_column_text][\/vc_column][\/vc_row][vc_row][vc_column width=\u00a0\u00bb1\/6&Prime;][vc_column_text] [\/vc_column_text][\/vc_column][vc_column width=\u00a0\u00bb2\/3&Prime;][vc_empty_space height=\u00a0\u00bb15px\u00a0\u00bb][vc_column_text] Robocut Studio est une agence de services cl\u00e9 en main sp\u00e9cialis\u00e9e&#8230;<\/p>\n","protected":false},"author":7,"featured_media":0,"parent":0,"menu_order":0,"comment_status":"closed","ping_status":"closed","template":"full_width.php","meta":{"footnotes":"","_links_to":"","_links_to_target":""},"class_list":["post-5360","page","type-page","status-publish","hentry"],"_links":{"self":[{"href":"https:\/\/robocutstudio.com\/fr\/wp-json\/wp\/v2\/pages\/5360\/"}],"collection":[{"href":"https:\/\/robocutstudio.com\/fr\/wp-json\/wp\/v2\/pages\/"}],"about":[{"href":"https:\/\/robocutstudio.com\/fr\/wp-json\/wp\/v2\/types\/page\/"}],"author":[{"embeddable":true,"href":"https:\/\/robocutstudio.com\/fr\/wp-json\/wp\/v2\/users\/7\/"}],"replies":[{"embeddable":true,"href":"https:\/\/robocutstudio.com\/fr\/wp-json\/wp\/v2\/comments\/?post=5360"}],"version-history":[{"count":1,"href":"https:\/\/robocutstudio.com\/fr\/wp-json\/wp\/v2\/pages\/5360\/revisions\/"}],"predecessor-version":[{"id":10317,"href":"https:\/\/robocutstudio.com\/fr\/wp-json\/wp\/v2\/pages\/5360\/revisions\/10317\/"}],"wp:attachment":[{"href":"https:\/\/robocutstudio.com\/fr\/wp-json\/wp\/v2\/media\/?parent=5360"}],"curies":[{"name":"wp","href":"https:\/\/api.w.org\/{rel}","templated":true}]}}