{"id":2546,"date":"2013-02-12T12:19:03","date_gmt":"2013-02-12T17:19:03","guid":{"rendered":"http:\/\/robocutstudio.com\/?page_id=2546"},"modified":"2016-07-27T21:36:18","modified_gmt":"2016-07-28T01:36:18","slug":"fabrication-numerique","status":"publish","type":"page","link":"https:\/\/robocutstudio.com\/fr\/fabrication-numerique\/","title":{"rendered":"Fabrication num\u00e9rique"},"content":{"rendered":"<div class=\"wpb-content-wrapper\"><p>[vc_row][vc_column width=\u00a0\u00bb1\/3&Prime; el_class=\u00a0\u00bbcircle-link\u00a0\u00bb][vc_single_image image=\u00a0\u00bb5320&Prime; img_size=\u00a0\u00bbfull\u00a0\u00bb alignment=\u00a0\u00bbcenter\u00a0\u00bb onclick=\u00a0\u00bbcustom_link\u00a0\u00bb link=\u00a0\u00bb#lazer_anchor\u00a0\u00bb][vc_column_text]<\/p>\n<h2>laser<\/h2>\n<p>[\/vc_column_text][\/vc_column][vc_column width=\u00a0\u00bb1\/3&Prime; el_class=\u00a0\u00bbcircle-link\u00a0\u00bb][vc_single_image image=\u00a0\u00bb5326&Prime; img_size=\u00a0\u00bbfull\u00a0\u00bb alignment=\u00a0\u00bbcenter\u00a0\u00bb onclick=\u00a0\u00bbcustom_link\u00a0\u00bb link=\u00a0\u00bb#cnc_anchor\u00a0\u00bb][vc_column_text]<\/p>\n<h2>CNC<\/h2>\n<p>[\/vc_column_text][\/vc_column][vc_column width=\u00a0\u00bb1\/3&Prime; el_class=\u00a0\u00bbcircle-link\u00a0\u00bb][vc_single_image image=\u00a0\u00bb5339&Prime; img_size=\u00a0\u00bbfull\u00a0\u00bb alignment=\u00a0\u00bbcenter\u00a0\u00bb onclick=\u00a0\u00bbcustom_link\u00a0\u00bb link=\u00a0\u00bb#3Dprint_anchor\u00a0\u00bb][vc_column_text]<\/p>\n<h2>impression 3D<\/h2>\n<p>[\/vc_column_text][\/vc_column][\/vc_row][vc_row][vc_column][vc_empty_space height=\u00a0\u00bb20px\u00a0\u00bb][\/vc_column][\/vc_row][vc_row][vc_column][vc_column_text]<\/p>\n<div id=\"lazer_anchor\"><\/div>\n<h3>LASER<\/h3>\n<p>[\/vc_column_text][\/vc_column][\/vc_row][vc_row][vc_column][vc_empty_space height=\u00a0\u00bb20px\u00a0\u00bb][\/vc_column][\/vc_row][vc_row][vc_column width=\u00a0\u00bb1\/2&Prime; el_class=\u00a0\u00bbsmall-images\u00a0\u00bb][vc_single_image image=\u00a0\u00bb4930&Prime; img_size=\u00a0\u00bbfull\u00a0\u00bb][vc_row_inner][vc_column_inner width=\u00a0\u00bb1\/3&Prime;][vc_single_image image=\u00a0\u00bb5936&Prime;][\/vc_column_inner][vc_column_inner width=\u00a0\u00bb1\/3&Prime;][vc_single_image image=\u00a0\u00bb5934&Prime;][\/vc_column_inner][vc_column_inner width=\u00a0\u00bb1\/3&Prime;][vc_single_image image=\u00a0\u00bb5932&Prime;][\/vc_column_inner][\/vc_row_inner][\/vc_column][vc_column width=\u00a0\u00bb1\/2&Prime;][vc_column_text]<\/p>\n<div class=\"template_titles_first\">Description<\/div>\n<p>[\/vc_column_text][vc_row_inner][vc_column_inner][vc_column_text]La d\u00e9coupe laser est un proc\u00e9d\u00e9 de fabrication soustractif qui utilise un dessin num\u00e9rique pour d\u00e9couper ou graver des mat\u00e9riaux.<\/p>\n<p>&nbsp;<\/p>\n<p>Le laser peut fonctionner en 2 modes : pixel ou vecteur. Pour les fichiers constitu\u00e9s de pixels (comme jpg, gif ou un format d\u2019image traditionnel), le laser se comportera un peu comme une imprimante ordinaire, o\u00f9 la t\u00eate se d\u00e9place le long de l\u2019axe X et descend lentement le long de l\u2019axe Y de la feuille pour repr\u00e9senter le dessin. Cette m\u00e9thode s\u2019utilise uniquement pour la gravure et permet d\u2019atteindre une grande pr\u00e9cision dans les d\u00e9tails.<\/p>\n<p>&nbsp;<\/p>\n<p>Le mode vecteur peut \u00eatre utilis\u00e9 pour graver ou d\u00e9couper le mat\u00e9riau. Dans ce cas, la t\u00eate suit directement les lignes du graphique vectoriel.[\/vc_column_text][\/vc_column_inner][\/vc_row_inner][vc_column_text]<\/p>\n<div class=\"template_titles\">Mat\u00e9riaux support\u00e9s<\/div>\n<p>[\/vc_column_text][vc_row_inner][vc_column_inner width=\u00a0\u00bb1\/3&Prime;][vc_column_text]<span style=\"color: black; font-weight: bold; margin-bottom: 15px;\">D\u00e9coupe\/\u00a0Gravure<\/span><\/p>\n<p>\u2013\u00a0Bois<br \/>\n\u2013\u00a0Plastique<br \/>\n\u2013\u00a0Acrylique mirroir<br \/>\n\u2013 PETG<br \/>\n\u2013 Papier\/Carton[\/vc_column_text][\/vc_column_inner][vc_column_inner width=\u00a0\u00bb1\/3&Prime;][vc_column_text]<span style=\"color: black; font-weight: bold; margin-bottom: 15px;\">Gravure seulement<\/span><\/p>\n<p>\u2013\u00a0M\u00e9taux anodis\u00e9s<br \/>\n\u2013\u00a0Acier inoxydable<br \/>\n\u2013\u00a0Verre[\/vc_column_text][\/vc_column_inner][vc_column_inner width=\u00a0\u00bb1\/3&Prime;][\/vc_column_inner][\/vc_row_inner][vc_column_text]<\/p>\n<div class=\"template_titles\">FICHIERS GABARITS<\/div>\n<p>[\/vc_column_text][vc_row_inner][vc_column_inner width=\u00a0\u00bb1\/3&Prime;][vc_column_text]<a href=\"https:\/\/robocutstudio.com\/robocut_templates\/template_laser_robocut.cdr\"><img loading=\"lazy\" decoding=\"async\" class=\"alignleft size-full wp-image-4948\" src=\"https:\/\/robocutstudio.com\/wp-content\/uploads\/2013\/02\/FileIcon.png\" alt=\"FileIcon\" width=\"20\" height=\"20\" \/>Corel (.cdr)<\/a>[\/vc_column_text][\/vc_column_inner][vc_column_inner width=\u00a0\u00bb1\/3&Prime;][vc_column_text]<a href=\"https:\/\/robocutstudio.com\/robocut_templates\/template_laser_robocut.ai\"><img loading=\"lazy\" decoding=\"async\" class=\"alignleft size-full wp-image-4948\" src=\"https:\/\/robocutstudio.com\/wp-content\/uploads\/2013\/02\/FileIcon.png\" alt=\"FileIcon\" width=\"20\" height=\"20\" \/>Illustrator(.ai)<\/a>[\/vc_column_text][\/vc_column_inner][vc_column_inner width=\u00a0\u00bb1\/3&Prime;][vc_column_text]<a href=\"https:\/\/robocutstudio.com\/robocut_templates\/template_laser_robocut.pdf\"><img loading=\"lazy\" decoding=\"async\" class=\"alignleft size-full wp-image-4948\" src=\"https:\/\/robocutstudio.com\/wp-content\/uploads\/2013\/02\/FileIcon.png\" alt=\"FileIcon\" width=\"20\" height=\"20\" \/>PDF(.pdf)<\/a>[\/vc_column_text][\/vc_column_inner][\/vc_row_inner][\/vc_column][\/vc_row][vc_row][vc_column][vc_empty_space height=\u00a0\u00bb20px\u00a0\u00bb][\/vc_column][\/vc_row][vc_row anchor=\u00a0\u00bbcnc_anchor\u00a0\u00bb][vc_column][vc_separator separator_color=\u00a0\u00bb#ee2d2d\u00a0\u00bb thickness=\u00a0\u00bb2&Prime;][\/vc_column][\/vc_row][vc_row][vc_column][vc_empty_space height=\u00a0\u00bb20px\u00a0\u00bb][\/vc_column][\/vc_row][vc_row][vc_column][vc_column_text]<\/p>\n<div id=\"cnc_anchor\" style=\"text-align: right;\"><\/div>\n<h3 style=\"text-align: right;\">ROUTEUR CNC<\/h3>\n<p>[\/vc_column_text][\/vc_column][\/vc_row][vc_row][vc_column][vc_empty_space height=\u00a0\u00bb20px\u00a0\u00bb][\/vc_column][\/vc_row][vc_row][vc_column width=\u00a0\u00bb1\/2&Prime;][vc_column_text]<\/p>\n<div class=\"template_titles_first\">description<\/div>\n<p>[\/vc_column_text][vc_column_text]Le routage CNC est \u00e9galement un proc\u00e9d\u00e9 de fabrication soustractif qui utilise un dessin num\u00e9rique pour couper ou graver des mat\u00e9riaux.<\/p>\n<p>&nbsp;<\/p>\n<p>Le routeur CNC utilise un outil circulaire pour enlever de la mati\u00e8re au mat\u00e9riau. Il existe toute une vari\u00e9t\u00e9 d\u2019outils utilisables sur le routeur, qui sont sp\u00e9cialement con\u00e7us pour diff\u00e9rentes applications et finitions, comme le chanfreinage, le recto verso, la finition sur les stratifi\u00e9s, la gravure fine, le stylo, etc.<\/p>\n<p>&nbsp;<\/p>\n<p>\u00c9tant donn\u00e9 que la coupe d\u00e9pend de l\u2019outil, le processus est un peu diff\u00e9rent selon le projet.[\/vc_column_text][vc_column_text]<\/p>\n<div class=\"template_titles\">MAT\u00c9RIAUX SUPPORT\u00c9S<\/div>\n<p>[\/vc_column_text][vc_column_text]<span style=\"color: black; font-weight: bold; margin-bottom: -15px;\">D\u00e9coupe\u00a0\/\u00a0Gravure<\/span>[\/vc_column_text][vc_row_inner][vc_column_inner width=\u00a0\u00bb1\/3&Prime;][vc_column_text]<\/p>\n<p>\u2013\u00a0Bois<br \/>\n\u2013 Plastiqes<br \/>\n\u2013 Aluminum<br \/>\n\u2013\u00a0Laiton<br \/>\n\u2013 Miroir acrylique<br \/>\n\u2013 PETG[\/vc_column_text][\/vc_column_inner][vc_column_inner width=\u00a0\u00bb1\/3&Prime;][vc_column_text]<\/p>\n<p>&#8211;\u00a0Cire machinable<br \/>\n&#8211; Alucobond<br \/>\n&#8211; Foam<br \/>\n&#8211; Arborite<br \/>\n&#8211;\u00a0foam PVC<br \/>\n&#8211; M\u00e9taux non-ferreux[\/vc_column_text][\/vc_column_inner][vc_column_inner width=\u00a0\u00bb1\/3&Prime;][\/vc_column_inner][\/vc_row_inner][vc_column_text]<\/p>\n<div class=\"template_titles\">FICHIERS GABARITS<\/div>\n<p>[\/vc_column_text][vc_row_inner][vc_column_inner width=\u00a0\u00bb1\/3&Prime;][vc_column_text]<a href=\"https:\/\/robocutstudio.com\/robocut_templates\/template_CNC_robocut.cdr\"><img loading=\"lazy\" decoding=\"async\" class=\"alignleft size-full wp-image-4948\" src=\"https:\/\/robocutstudio.com\/wp-content\/uploads\/2013\/02\/FileIcon.png\" alt=\"FileIcon\" width=\"20\" height=\"20\" \/>Corel (.cdr)<\/a>[\/vc_column_text][\/vc_column_inner][vc_column_inner width=\u00a0\u00bb1\/3&Prime;][vc_column_text]<a href=\"https:\/\/robocutstudio.com\/robocut_templates\/template_CNC_robocut.ai\"><img loading=\"lazy\" decoding=\"async\" class=\"alignleft size-full wp-image-4948\" src=\"https:\/\/robocutstudio.com\/wp-content\/uploads\/2013\/02\/FileIcon.png\" alt=\"FileIcon\" width=\"20\" height=\"20\" \/>Illustrator (.ai)<\/a>[\/vc_column_text][\/vc_column_inner][vc_column_inner width=\u00a0\u00bb1\/3&Prime;][vc_column_text]<a href=\"https:\/\/robocutstudio.com\/robocut_templates\/template_CNC_robocut.pdf\">PDF\u00a0(<img loading=\"lazy\" decoding=\"async\" class=\"alignleft size-full wp-image-4948\" src=\"https:\/\/robocutstudio.com\/wp-content\/uploads\/2013\/02\/FileIcon.png\" alt=\"FileIcon\" width=\"20\" height=\"20\" \/>.pdf)<\/a>[\/vc_column_text][\/vc_column_inner][\/vc_row_inner][\/vc_column][vc_column width=\u00a0\u00bb1\/2&Prime; el_class=\u00a0\u00bbsmall-images\u00a0\u00bb][vc_single_image image=\u00a0\u00bb4934&Prime; img_size=\u00a0\u00bbfull\u00a0\u00bb alignment=\u00a0\u00bbright\u00a0\u00bb][vc_row_inner][vc_column_inner width=\u00a0\u00bb1\/3&Prime;][vc_single_image image=\u00a0\u00bb5928&Prime;][\/vc_column_inner][vc_column_inner width=\u00a0\u00bb1\/3&Prime;][vc_single_image image=\u00a0\u00bb5926&Prime;][\/vc_column_inner][vc_column_inner width=\u00a0\u00bb1\/3&Prime;][vc_single_image image=\u00a0\u00bb3478&Prime;][\/vc_column_inner][\/vc_row_inner][\/vc_column][\/vc_row][vc_row][vc_column][vc_empty_space height=\u00a0\u00bb20px\u00a0\u00bb][\/vc_column][\/vc_row][vc_row][vc_column][vc_separator separator_color=\u00a0\u00bb#ee2d2d\u00a0\u00bb thickness=\u00a0\u00bb2&Prime;][vc_empty_space height=\u00a0\u00bb20px\u00a0\u00bb][\/vc_column][vc_column][vc_column_text]<\/p>\n<div id=\"3Dprint_anchor\"><\/div>\n<h3 style=\"text-align: left;\">IMPRESSION 3D<\/h3>\n<p>[\/vc_column_text][\/vc_column][\/vc_row][vc_row][vc_column][vc_empty_space][\/vc_column][\/vc_row][vc_row][vc_column width=\u00a0\u00bb1\/2&Prime; el_class=\u00a0\u00bbsmall-images\u00a0\u00bb][vc_single_image image=\u00a0\u00bb4937&Prime; img_size=\u00a0\u00bbfull\u00a0\u00bb css=\u00a0\u00bb.vc_custom_1452803283095{margin-right: 0px !important;margin-left: 0px !important;border-right-width: 0px !important;border-left-width: 0px !important;padding-right: 0px !important;padding-left: 0px !important;}\u00a0\u00bb][vc_row_inner][vc_column_inner width=\u00a0\u00bb1\/3&Prime;][vc_single_image image=\u00a0\u00bb5914&Prime;][\/vc_column_inner][vc_column_inner width=\u00a0\u00bb1\/3&Prime;][vc_single_image image=\u00a0\u00bb5961&Prime;][\/vc_column_inner][vc_column_inner width=\u00a0\u00bb1\/3&Prime;][vc_single_image image=\u00a0\u00bb5975&Prime;][\/vc_column_inner][\/vc_row_inner][\/vc_column][vc_column width=\u00a0\u00bb1\/2&Prime;][vc_column_text]<\/p>\n<div class=\"template_titles_first\">DESCRIPTION<\/div>\n<p>[\/vc_column_text][vc_column_text]L\u2019impression 3D est un proc\u00e9d\u00e9 de fabrication additive qui utilise un dessin num\u00e9rique pour cr\u00e9er un volume avec le mat\u00e9riau utilis\u00e9.<\/p>\n<p>&nbsp;<\/p>\n<p>L\u2019imprimante prend un fichier 3D pour ensuite le d\u00e9couper en tranches et construire le volume de l\u2019objet couche par couche. Notre imprimante utilise du plastique ABS pour fabriquer des pi\u00e8ces solides et r\u00e9sistantes.[\/vc_column_text][vc_column_text]<\/p>\n<div class=\"template_titles\">MAT\u00c9RIAUX SUPPORT\u00c9S<\/div>\n<p>[\/vc_column_text][vc_column_text]ABS Plus+<\/p>\n<p><b>Dimensions(Volume de construction):<\/b><br \/>\nLes mod\u00e8les doivent tenir dans un volume de 8po x 8po x 6po.<\/p>\n<p><b>\u00c9paisseur des couches:<\/b><br \/>\n\u2013 0.1MM<\/p>\n<p><b>Format support\u00e9:<\/b><br \/>\n\u2013 STL<br \/>\n(Sans interp\u00e9n\u00e9tration ou normales invers\u00e9s sur la g\u00e9om\u00e9triedu mod\u00e8le)[\/vc_column_text][vc_column_text]<\/p>\n<div class=\"template_titles\">FICHIERS GABARITS<\/div>\n<p>[\/vc_column_text][vc_row_inner][vc_column_inner width=\u00a0\u00bb1\/3&Prime;][vc_column_text]<a href=\"https:\/\/robocutstudio.com\/robocut_templates\/template_3Dprinter_robocut.STL\"><img loading=\"lazy\" decoding=\"async\" class=\"alignleft size-full wp-image-4948\" src=\"https:\/\/robocutstudio.com\/wp-content\/uploads\/2013\/02\/FileIcon.png\" alt=\"FileIcon\" width=\"20\" height=\"20\" \/>STL(.stl)<\/a>[\/vc_column_text][\/vc_column_inner][vc_column_inner width=\u00a0\u00bb1\/3&Prime;][vc_column_text]<a href=\"https:\/\/robocutstudio.com\/robocut_templates\/template_3Dprinter_robocut.igs\"><img loading=\"lazy\" decoding=\"async\" class=\"alignleft size-full wp-image-4948\" src=\"https:\/\/robocutstudio.com\/wp-content\/uploads\/2013\/02\/FileIcon.png\" alt=\"FileIcon\" width=\"20\" height=\"20\" \/>IGES(.igs)<\/a>[\/vc_column_text][\/vc_column_inner][vc_column_inner width=\u00a0\u00bb1\/3&Prime;][vc_column_text]<a href=\"https:\/\/robocutstudio.com\/robocut_templates\/template_3Dprinter_robocut.step\"><img loading=\"lazy\" decoding=\"async\" class=\"alignleft size-full wp-image-4948\" src=\"https:\/\/robocutstudio.com\/wp-content\/uploads\/2013\/02\/FileIcon.png\" alt=\"FileIcon\" width=\"20\" height=\"20\" \/>STEP(.step)<\/a>[\/vc_column_text][\/vc_column_inner][\/vc_row_inner][\/vc_column][\/vc_row]<\/p>\n<\/div>","protected":false},"excerpt":{"rendered":"<p>[vc_row][vc_column width=\u00a0\u00bb1\/3&Prime; el_class=\u00a0\u00bbcircle-link\u00a0\u00bb][vc_single_image image=\u00a0\u00bb5320&Prime; img_size=\u00a0\u00bbfull\u00a0\u00bb alignment=\u00a0\u00bbcenter\u00a0\u00bb onclick=\u00a0\u00bbcustom_link\u00a0\u00bb link=\u00a0\u00bb#lazer_anchor\u00a0\u00bb][vc_column_text] laser [\/vc_column_text][\/vc_column][vc_column width=\u00a0\u00bb1\/3&Prime; el_class=\u00a0\u00bbcircle-link\u00a0\u00bb][vc_single_image image=\u00a0\u00bb5326&Prime; img_size=\u00a0\u00bbfull\u00a0\u00bb alignment=\u00a0\u00bbcenter\u00a0\u00bb onclick=\u00a0\u00bbcustom_link\u00a0\u00bb link=\u00a0\u00bb#cnc_anchor\u00a0\u00bb][vc_column_text] CNC [\/vc_column_text][\/vc_column][vc_column width=\u00a0\u00bb1\/3&Prime; el_class=\u00a0\u00bbcircle-link\u00a0\u00bb][vc_single_image image=\u00a0\u00bb5339&Prime; img_size=\u00a0\u00bbfull\u00a0\u00bb alignment=\u00a0\u00bbcenter\u00a0\u00bb onclick=\u00a0\u00bbcustom_link\u00a0\u00bb link=\u00a0\u00bb#3Dprint_anchor\u00a0\u00bb][vc_column_text] impression 3D [\/vc_column_text][\/vc_column][\/vc_row][vc_row][vc_column][vc_empty_space height=\u00a0\u00bb20px\u00a0\u00bb][\/vc_column][\/vc_row][vc_row][vc_column][vc_column_text] LASER [\/vc_column_text][\/vc_column][\/vc_row][vc_row][vc_column][vc_empty_space height=\u00a0\u00bb20px\u00a0\u00bb][\/vc_column][\/vc_row][vc_row][vc_column width=\u00a0\u00bb1\/2&Prime; el_class=\u00a0\u00bbsmall-images\u00a0\u00bb][vc_single_image image=\u00a0\u00bb4930&Prime; img_size=\u00a0\u00bbfull\u00a0\u00bb][vc_row_inner][vc_column_inner width=\u00a0\u00bb1\/3&Prime;][vc_single_image image=\u00a0\u00bb5936&Prime;][\/vc_column_inner][vc_column_inner width=\u00a0\u00bb1\/3&Prime;][vc_single_image image=\u00a0\u00bb5934&Prime;][\/vc_column_inner][vc_column_inner width=\u00a0\u00bb1\/3&Prime;][vc_single_image image=\u00a0\u00bb5932&Prime;][\/vc_column_inner][\/vc_row_inner][\/vc_column][vc_column width=\u00a0\u00bb1\/2&Prime;][vc_column_text] Description&#8230;<\/p>\n","protected":false},"author":7,"featured_media":0,"parent":0,"menu_order":3,"comment_status":"open","ping_status":"closed","template":"","meta":{"footnotes":"","_links_to":"","_links_to_target":""},"class_list":["post-2546","page","type-page","status-publish","hentry"],"_links":{"self":[{"href":"https:\/\/robocutstudio.com\/fr\/wp-json\/wp\/v2\/pages\/2546\/"}],"collection":[{"href":"https:\/\/robocutstudio.com\/fr\/wp-json\/wp\/v2\/pages\/"}],"about":[{"href":"https:\/\/robocutstudio.com\/fr\/wp-json\/wp\/v2\/types\/page\/"}],"author":[{"embeddable":true,"href":"https:\/\/robocutstudio.com\/fr\/wp-json\/wp\/v2\/users\/7\/"}],"replies":[{"embeddable":true,"href":"https:\/\/robocutstudio.com\/fr\/wp-json\/wp\/v2\/comments\/?post=2546"}],"version-history":[{"count":0,"href":"https:\/\/robocutstudio.com\/fr\/wp-json\/wp\/v2\/pages\/2546\/revisions\/"}],"wp:attachment":[{"href":"https:\/\/robocutstudio.com\/fr\/wp-json\/wp\/v2\/media\/?parent=2546"}],"curies":[{"name":"wp","href":"https:\/\/api.w.org\/{rel}","templated":true}]}}