{"id":2357,"date":"2013-01-03T04:13:44","date_gmt":"2013-01-03T09:13:44","guid":{"rendered":"http:\/\/robocutstudio.com\/?page_id=2357"},"modified":"2025-03-05T15:40:21","modified_gmt":"2025-03-05T20:40:21","slug":"services","status":"publish","type":"page","link":"https:\/\/robocutstudio.com\/fr\/services\/","title":{"rendered":"Services"},"content":{"rendered":"<div class=\"wpb-content-wrapper\"><p>[vc_row el_class=\u00a0\u00bbservices-desc\u00a0\u00bb][vc_column][vc_column_text]<\/p>\n<p style=\"text-align: center;\">Studio Robocut est un v\u00e9ritable atelier\u00a0multidisciplinaire.<\/p>\n<p style=\"text-align: center;\">Nos clients viennent aussi bien des domaines du design, de la production vid\u00e9o et cin\u00e9matographique, des m\u00e9dias interactifs et multim\u00e9dias, de l\u2019\u00e9v\u00e9nementiel, de l\u2019architecture, de l\u2019ing\u00e9nierie, que des galeries d\u2019art, des mus\u00e9es et bien d\u2019autres encore.<\/p>\n<p style=\"text-align: center; font-size: 22px; font-weight: bold; padding-top: 20px; text-transform: uppercase;\">Voyons ce que nous pouvons faire pour donner vie \u00e0 votre projet!<\/p>\n<p>[\/vc_column_text][\/vc_column][\/vc_row][vc_row][vc_column][vc_raw_html]JTNDZGl2JTIwaWQlM0QlMjJhbmNob3JfZGVzaWduX2luZHUlMjIlM0UlM0MlMkZkaXYlM0UlMEElM0NkaXYlMjBjbGFzcyUzRCUyMnNlcnZpY2UlMjBzZXJ2aWNlLXJpZ2h0JTIyJTNFJTBBJTNDZGl2JTIwY2xhc3MlM0QlMjJ0aGlyZCUyMHNlcnZpY2UtZGVzYyUyMiUzRSUwQSUzQ2gzJTNFJTNDYSUyMGNsYXNzJTNEJTIyb3Blbi1tZW51JTIyJTIwaHJlZiUzRCUyMmh0dHAlM0ElMkYlMkZyb2JvY3V0c3R1ZGlvLmNvbSUyRmZyJTJGcG9ydGZvbGlvJTJGJTIyJTNFSU5TVEFMTEFUSU9OUyUyMEVUJTIwRVhQT1NJVElPTlMlM0MlMkZhJTNFJTNDJTJGaDMlM0UlMEElM0NkaXYlMjBjbGFzcyUzRCUyMnRoaXJkLWlubmVyJTIyJTNFJTBBJTNDZGl2JTIwY2xhc3MlM0QlMjJkZXNjJTIyJTNFJTBBUXUlRTIlODAlOTlpbCUyMHMlRTIlODAlOTlhZ2lzc2UlMjBkJUUyJTgwJTk5dW5lJTIwaW5zdGFsbGF0aW9uJTIwaW50ZXJhY3RpdmUlMjBvdSUyMHN0YXRpcXVlJTIwZGFucyUyMHVuJTIwbXVzJUMzJUE5ZSUyQyUyMGQlRTIlODAlOTl1bmUlMjBnYWxlcmllJTIwZCVFMiU4MCU5OWFydCUyMG91JTIwZW5jb3JlJTIwZCVFMiU4MCU5OXVuJTIwcHJvamV0JTIwJUMzJUEwJTIwbCVFMiU4MCU5OWV4dCVDMyVBOXJpZXVyJTJDJTIwbm91cyUyMHBvdXZvbnMlMjB2b3VzJTIwYWlkZXIlMjAlQzMlQTAlMjBjb25jZXZvaXIlMjB1bmUlMjBwaSVDMyVBOGNlJTIwcm9idXN0ZSUyMGFkYXB0JUMzJUE5ZSUyMGF1JTIwY29udGV4dGUlMjBkZSUyMHZvdHJlJTIwcHIlQzMlQTlzZW50YXRpb24uJTIwTm91cyUyMG5vdXMlMjBjaGFyZ2VvbnMlMjBkZSUyMGxhJTIwY29uY2VwdGlvbiUyQyUyMGRlJTIwbGElMjBwcm9ncmFtbWF0aW9uJTJDJTIwZGUlMjBsYSUyMGRpcmVjdGlvbiUyMHRlY2huaXF1ZSUyMGV0JTIwZGUlMjBsJUUyJTgwJTk5JUMzJUE5cXVpcGVtZW50JTIwbiVDMyVBOWNlc3NhaXJlcyUyMGF1JTIwZm9uY3Rpb25uZW1lbnQlMjBpbXBlY2NhYmxlJTIwZGUlMjB2b3RyZSUyMGluc3RhbGxhdGlvbiUyQyUyMGRlJTIwQSUyMCVDMyVBMCUyMFouJTBBJTNDJTJGZGl2JTNFJTBBJTNDJTJGZGl2JTNFJTBBJTNDJTJGZGl2JTNFJTBBJTNDZGl2JTIwY2xhc3MlM0QlMjJ0d28tdGhpcmQlMjIlM0UlMEElM0NkaXYlMjBjbGFzcyUzRCUyMnNlcnZpY2UtcGhvdG8lMjIlM0UlMEElM0NhJTIwaHJlZiUzRCUyMmh0dHAlM0ElMkYlMkZyb2JvY3V0c3R1ZGlvLmNvbSUyRmZyJTJGcG9ydGZvbGlvJTJGJTIyJTNFJTBBJTNDaW1nJTIwc3JjJTNEJTIyaHR0cCUzQSUyRiUyRnJvYm9jdXRzdHVkaW8uY29tJTJGd3AtY29udGVudCUyRnVwbG9hZHMlMkYyMDE4JTJGMDclMkZNb2JvdF9BcmNoZXNfUm9ib2N1dFN0dWRpb18yMDE4LTQtMS5qcGclMjIlM0UlM0MlMkZhJTNFJTBBJTNDJTJGZGl2JTNFJTBBJTNDZGl2JTIwY2xhc3MlM0QlMjJzZXJ2aWNlLW1lbnUlMjIlM0UlMEElM0NhJTIwY2xhc3MlM0QlMjJzaW5nbGUtaXRlbSUyMiUyMGhyZWYlM0QlMjJodHRwJTNBJTJGJTJGcm9ib2N1dHN0dWRpby5jb20lMkZmciUyRnBvcnRmb2xpbyUyRnByb2pldHMlMkZpZGVhdGlvbi1kZXNpZ24taW5kdXN0cmllbCUyRiUyMiUzRSUzQ2gzJTNFZXhlbXBsZXMlMjBkZSUyMHByb2pldHMlM0MlMkZoMyUzRSUzQyUyRmElM0UlMEElM0MlMkZkaXYlM0UlMEElM0MlMkZkaXYlM0UlMEElM0MlMkZkaXYlM0U=[\/vc_raw_html][\/vc_column][\/vc_row][vc_row][vc_column][vc_raw_html]JTNDZGl2JTIwaWQlM0QlMjJhbmNob3JfdGVjaF9kaXIlMjIlM0UlM0MlMkZkaXYlM0UlMEElM0NkaXYlMjBjbGFzcyUzRCUyMnNlcnZpY2UlMjBzZXJ2aWNlLWxlZnQlMjIlM0UlMEElM0NkaXYlMjBjbGFzcyUzRCUyMnRoaXJkJTIwc2VydmljZS1kZXNjJTIyJTNFJTBBJTNDaDMlM0UlM0NhJTIwY2xhc3MlM0QlMjJvcGVuLW1lbnUlMjIlMjBocmVmJTNEJTIyaHR0cCUzQSUyRiUyRnJvYm9jdXRzdHVkaW8uY29tJTJGZnIlMkZwb3J0Zm9saW8lMkYlMjIlM0UlMEElQzMlODlMRUNUUk9OSVFVRSUyMCUyNiUyMFJPQk9USVFVRSUzQyUyRmElM0UlM0MlMkZoMyUzRSUwQSUzQ2RpdiUyMGNsYXNzJTNEJTIydGhpcmQtaW5uZXIlMjIlM0UlMEElM0NkaXYlMjBjbGFzcyUzRCUyMmRlc2MlMjIlM0UlMEFOb3VzJTIwcG91dm9ucyUyMGNyJUMzJUE5ZXIlMjBkZXMlMjBleHAlQzMlQTlyaWVuY2VzJTIwaW1tZXJzaXZlcyUyMGF2ZWMlMjBkZXMlMjBjYXB0ZXVycyUyQyUyMGRlcyUyMCVDMyVBOWwlQzMlQTltZW50cyUyMGRlJTIwc29uJTIwZXQlMjBsdW1pJUMzJUE4cmUlMjBldCUyMGR1JTIwbW91dmVtZW50JTJDJTIwbW90b3Jpc2VyJTIwZGVzJTIwcHJvamV0cyUyMGRlJTIwdG91dGVzJTIwdGFpbGxlcyUyQyUyMGRlJTIwbGElMjBtYXF1ZXR0ZSUyMG1pbmlhdHVyZSUyMCVDMyVBMCUyMGRlJTIwZ3JhbmRzJTIwZCVDMyVBOWNvcnMlMkMlMjBvdSUyMGVuY29yZSUyMHZvdXMlMjBhaWRlciUyMCVDMyVBMCUyMGNvbm5lY3RlciUyMGRlcyUyMG9iamV0cyUyMHN1ciUyMEludGVybmV0LiUyME5vdXMlMjBhZG9yb25zJTIwbGVzJTIwZCVDMyVBOWZpcyUyQyUyMGFsb3JzJTIwZW52b3llei1ub3VzJTIwdm9zJTIwaWQlQzMlQTllcyUyMGxlcyUyMHBsdXMlMjBmb2xsZXMlMjElMjAlMjBOb3MlMjBpbmclQzMlQTluaWV1cnMlMkMlMjBub3MlMjBkZXNpZ25lcnMlMjBldCUyMG5vcyUyMGFydGlzdGVzJTIwc3AlQzMlQTljaWFsaXMlQzMlQTlzJTIwZW4lMjBub3V2ZWF1eCUyMG0lQzMlQTlkaWFzJTIwdm91cyUyMGFpZGVyb250JTIwJUMzJUEwJTIwZG9ubmVyJTIwdmllJTIwJUMzJUEwJTIwdm90cmUlMjBwcm9qZXQlMkMlMjBkYW5zJTIwZGlmZiVDMyVBOXJlbnRzJTIwbGFuZ2FnZXMlMjBkZSUyMHByb2dyYW1tYXRpb24uJTBBJTNDJTJGZGl2JTNFJTBBJTNDJTJGZGl2JTNFJTBBJTNDJTJGZGl2JTNFJTBBJTNDZGl2JTIwY2xhc3MlM0QlMjJ0d28tdGhpcmQlMjIlM0UlMEElM0NkaXYlMjBjbGFzcyUzRCUyMnNlcnZpY2UtcGhvdG8lMjIlM0UlMEElM0NhJTIwaHJlZiUzRCUyMmh0dHAlM0ElMkYlMkZyb2JvY3V0c3R1ZGlvLmNvbSUyRmZyJTJGcG9ydGZvbGlvJTJGJTIyJTNFJTBBJTNDaW1nJTIwc3JjJTNEJTIyaHR0cCUzQSUyRiUyRnJvYm9jdXRzdHVkaW8uY29tJTJGd3AtY29udGVudCUyRnVwbG9hZHMlMkYyMDE4JTJGMDklMkZDU1RNLTEwLmpwZyUyMiUzRSUzQyUyRmElM0UlMEElM0MlMkZkaXYlM0UlMEElM0NkaXYlMjBjbGFzcyUzRCUyMnNlcnZpY2UtbWVudSUyMiUzRSUwQSUzQ2ElMjBjbGFzcyUzRCUyMnNpbmdsZS1pdGVtJTIyJTIwaHJlZiUzRCUyMmh0dHAlM0ElMkYlMkZyb2JvY3V0c3R1ZGlvLmNvbSUyRmZyJTJGcG9ydGZvbGlvJTJGcHJvamV0cyUyRmRpcmVjdGlvbi10ZWNobmlxdWUtZWxlY3Ryb25pcXVlJTJGJTIyJTNFJTNDaDMlM0VleGVtcGxlcyUyMGRlJTIwcHJvamV0cyUzQyUyRmgzJTNFJTNDJTJGYSUzRSUwQSUzQyUyRmRpdiUzRSUwQSUzQyUyRmRpdiUzRSUwQSUzQyUyRmRpdiUzRSUwQQ==[\/vc_raw_html][\/vc_column][\/vc_row][vc_row][vc_column][vc_raw_html]JTNDZGl2JTIwaWQlM0QlMjJhbmNob3JfcHJvdG8lMjIlM0UlM0MlMkZkaXYlM0UlMEElM0NkaXYlMjBjbGFzcyUzRCUyMnNlcnZpY2UlMjBzZXJ2aWNlLXJpZ2h0JTIyJTNFJTBBJTNDZGl2JTIwY2xhc3MlM0QlMjJ0aGlyZCUyMHNlcnZpY2UtZGVzYyUyMiUzRSUwQSUzQ2gzJTNFJTNDYSUyMGNsYXNzJTNEJTIyb3Blbi1tZW51JTIyJTIwaHJlZiUzRCUyMmh0dHAlM0ElMkYlMkZyb2JvY3V0c3R1ZGlvLmNvbSUyRmZyJTJGcG9ydGZvbGlvJTJGJTIyJTNFJTBBRCVDMyU4OUNPUlMlMjAlMjYlMjBBQ0NFU1NPSVJFUyUzQyUyRmElM0UlM0MlMkZoMyUzRSUwQSUzQ2RpdiUyMGNsYXNzJTNEJTIydGhpcmQtaW5uZXIlMjIlM0UlMEElM0NkaXYlMjBjbGFzcyUzRCUyMmRlc2MlMjIlM0UlMEFRdWUlMjBjZSUyMHNvaXQlMjBwb3VyJTIwdW4lMjBkJUMzJUE5Y29yJTIwZGUlMjBzcGVjdGFjbGUlMjBvdSUyMHVuJTIwdG91cm5hZ2UlMkMlMjBsYSUyMHNjJUMzJUE5bm9ncmFwaGllJTIwZCVFMiU4MCU5OXVuJTIwJUMzJUE5diVDMyVBOG5lbWVudCUyMG91JTIwZCVFMiU4MCU5OXVuZSUyMGV4cG9zaXRpb24lMkMlMjBTdHVkaW8lMjBSb2JvY3V0JTIwdHJhdmFpbGxlJTIwYXZlYyUyMHVuZSUyMGdyYW5kZSUyMHZhcmklQzMlQTl0JUMzJUE5JTIwZGUlMjBtYXQlQzMlQTlyaWF1eCUyMGV0JTIwZGUlMjBwcm9jJUMzJUE5ZCVDMyVBOXMlMjBkZSUyMGZhYnJpY2F0aW9uJTIwcG91ciUyMHIlQzMlQTlhbGlzZXIlMjBuJUUyJTgwJTk5aW1wb3J0ZSUyMHF1ZWwlMjAlQzMlQTlsJUMzJUE5bWVudCUyMGRlJTIwZCVDMyVBOWNvciUyMG91JTIwYWNjZXNzb2lyZSUyMHByJUMzJUFBdCUyMCVDMyVBMCUyMGludCVDMyVBOWdyZXIlMjBkYW5zJTIwdm90cmUlMjBzYyVDMyVBOG5lLiUwQSUzQyUyRmRpdiUzRSUwQSUzQyUyRmRpdiUzRSUwQSUzQyUyRmRpdiUzRSUwQSUzQ2RpdiUyMGNsYXNzJTNEJTIydHdvLXRoaXJkJTIyJTNFJTBBJTNDZGl2JTIwY2xhc3MlM0QlMjJzZXJ2aWNlLXBob3RvJTIyJTNFJTBBJTNDYSUyMGhyZWYlM0QlMjJodHRwJTNBJTJGJTJGcm9ib2N1dHN0dWRpby5jb20lMkZmciUyRnBvcnRmb2xpbyUyRiUyMiUzRSUwQSUzQ2ltZyUyMHNyYyUzRCUyMmh0dHAlM0ElMkYlMkZyb2JvY3V0c3R1ZGlvLmNvbSUyRndwLWNvbnRlbnQlMkZ1cGxvYWRzJTJGMjAxNiUyRjEyJTJGTGVzbGllLVdvb2RzLVRoZS1XZWVrbmQtU3RhcmJveS1Nb250cmVhbC0xMDAuanBnJTIyJTNFJTNDJTJGYSUzRSUwQSUzQyUyRmRpdiUzRSUwQSUzQ2RpdiUyMGNsYXNzJTNEJTIyc2VydmljZS1tZW51JTIyJTNFJTBBJTNDYSUyMGNsYXNzJTNEJTIyc2luZ2xlLWl0ZW0lMjIlMjBocmVmJTNEJTIyaHR0cCUzQSUyRiUyRnJvYm9jdXRzdHVkaW8uY29tJTJGZnIlMkZwb3J0Zm9saW8lMkZwcm9qZXRzJTJGcHJvdG90eXBlLXByb2R1Y3Rpb24lMkYlMjIlM0UlM0NoMyUzRWV4ZW1wbGVzJTIwZGUlMjBwcm9qZXRzJTNDJTJGaDMlM0UlM0MlMkZhJTNFJTBBJTNDJTJGZGl2JTNFJTBBJTNDJTJGZGl2JTNFJTBBJTNDJTJGZGl2JTNFJTBB[\/vc_raw_html][\/vc_column][\/vc_row][vc_row][vc_column][vc_raw_html]JTNDZGl2JTIwaWQlM0QlMjJhbmNob3JfbW9kZWwlMjIlM0UlM0MlMkZkaXYlM0UlMEElM0NkaXYlMjBjbGFzcyUzRCUyMnNlcnZpY2UlMjBzZXJ2aWNlLXJpZ2h0JTIyJTNFJTBBJTNDZGl2JTIwY2xhc3MlM0QlMjJ0aGlyZCUyMHNlcnZpY2UtZGVzYyUyMiUzRSUwQSUzQ2gzJTNFJTNDYSUyMGNsYXNzJTNEJTIyb3Blbi1tZW51JTIyJTIwaHJlZiUzRCUyMmh0dHAlM0ElMkYlMkZyb2JvY3V0c3R1ZGlvLmNvbSUyRmZyJTJGcG9ydGZvbGlvJTJGJTIyJTNFJTBBTUFRVUVUVEVTJTIwJTI2JTIwTU9EJUMzJTg4TEVTJTIwUiVDMyU4OURVSVRTJTNDJTJGYSUzRSUzQyUyRmgzJTNFJTBBJTNDZGl2JTIwY2xhc3MlM0QlMjJ0aGlyZC1pbm5lciUyMiUzRSUwQSUzQ2RpdiUyMGNsYXNzJTNEJTIyZGVzYyUyMiUzRSUwQVByJUMzJUE5Y2lzaW9uJTIwZXQlMjBxdWFsaXQlQzMlQTklMjBzb250JTIwbGVzJTIwbW90cyUyMGQlRTIlODAlOTlvcmRyZSUyQyUyMHF1YW5kJTIwaWwlMjBzJUUyJTgwJTk5YWdpdCUyMGRlJTIwY29uc3RydWlyZSUyMHVuZSUyMG1hcXVldHRlLiUyMERlJTIwbGElMjBzaW1wbGUlMjBkJUMzJUE5Y291cGUlMjBsYXNlciUyMCVDMyVBMCUyMGwlRTIlODAlOTlpbnQlQzMlQTlncmF0aW9uJTIwJUMzJUE5bGVjdHJvbmlxdWUlMjBkYW5zJTIwdW4lMjBhc3NlbWJsYWdlJTIwbWluaWF0dXJlJTJDJTIwU3R1ZGlvJTIwUm9ib2N1dCUyMGFzc3VyZSUyMGxhJTIwbGl2cmFpc29uJTIwZGUlMjBtYXF1ZXR0ZXMlMjBldCUyMGRlJTIwbW9kJUMzJUE4bGVzJTIwciVDMyVBOWR1aXRzJTIwciVDMyVBOXBvbmRhbnQlMjAlQzMlQTAlMjB1bmUlMjBjb25jZXB0aW9uJTIwcmlnb3VyZXVzZS4lMEElM0MlMkZkaXYlM0UlMEElM0MlMkZkaXYlM0UlMEElM0MlMkZkaXYlM0UlMEElM0NkaXYlMjBjbGFzcyUzRCUyMnR3by10aGlyZCUyMiUzRSUwQSUzQ2RpdiUyMGNsYXNzJTNEJTIyc2VydmljZS1waG90byUyMiUzRSUwQSUzQ2ElMjBocmVmJTNEJTIyaHR0cCUzQSUyRiUyRnJvYm9jdXRzdHVkaW8uY29tJTJGZnIlMkZwb3J0Zm9saW8lMkYlMjIlM0UlMEElM0NpbWclMjBzcmMlM0QlMjJodHRwJTNBJTJGJTJGcm9ib2N1dHN0dWRpby5jb20lMkZ3cC1jb250ZW50JTJGdXBsb2FkcyUyRjIwMTglMkYwOSUyRmpjLmpwZyUyMiUzRSUzQyUyRmElM0UlMEElM0MlMkZkaXYlM0UlMEElM0NkaXYlMjBjbGFzcyUzRCUyMnNlcnZpY2UtbWVudSUyMiUzRSUwQSUzQ2ElMjBjbGFzcyUzRCUyMnNpbmdsZS1pdGVtJTIyJTIwaHJlZiUzRCUyMmh0dHAlM0ElMkYlMkZyb2JvY3V0c3R1ZGlvLmNvbSUyRndwLWNvbnRlbnQlMkZ1cGxvYWRzJTJGMjAxNyUyRjEwJTJGUG9udEphY3F1ZXNDYXJ0aWVyX01vbWVudEZhY3RvcnlfMWcuanBnJTIyJTNFJTNDaDMlM0VleGVtcGxlcyUyMGRlJTIwcHJvamV0cyUzQyUyRmgzJTNFJTNDJTJGYSUzRSUwQSUzQyUyRmRpdiUzRSUwQSUzQyUyRmRpdiUzRSUwQSUzQyUyRmRpdiUzRSUwQQ==[\/vc_raw_html][\/vc_column][\/vc_row][vc_row][vc_column][vc_raw_html]JTNDZGl2JTIwaWQlM0QlMjJhbmNob3JfbW9sZGluZyUyMiUzRSUzQyUyRmRpdiUzRSUwQSUzQ2RpdiUyMGNsYXNzJTNEJTIyc2VydmljZSUyMHNlcnZpY2UtbGVmdCUyMiUzRSUwQSUzQ2RpdiUyMGNsYXNzJTNEJTIydGhpcmQlMjBzZXJ2aWNlLWRlc2MlMjIlM0UlMEElM0NoMyUzRSUzQ2ElMjBjbGFzcyUzRCUyMm9wZW4tbWVudSUyMiUyMGhyZWYlM0QlMjJodHRwJTNBJTJGJTJGcm9ib2N1dHN0dWRpby5jb20lMkZmciUyRnBvcnRmb2xpbyUyRiUyMiUzRSUwQUQlQzMlODlWRUxPUFBFTUVOVCUyMERFJTIwUFJPRFVJVFMlMjAlMjYlMjBERVNJR04lMjBJTkRVU1RSSUVMJTNDJTJGYSUzRSUzQyUyRmgzJTNFJTBBJTNDZGl2JTIwY2xhc3MlM0QlMjJ0aGlyZC1pbm5lciUyMiUzRSUwQSUzQ2RpdiUyMGNsYXNzJTNEJTIyZGVzYyUyMiUzRSUwQVF1JUUyJTgwJTk5aWwlMjBzJUUyJTgwJTk5YWdpc3NlJTIwZCVFMiU4MCU5OXVuJTIwYmVzb2luJTIwZW4lMjBkZXNzaW4lMkMlMjBlbiUyMGVyZ29ub21pZSUyMG91JTIwZW4lMjBkJUMzJUE5dmVsb3BwZW1lbnQlMjBkZSUyMHByb3RvdHlwZSUyQyUyMG5vcyUyMGRlc2lnbmVycyUyMGluZHVzdHJpZWxzJTIwZXQlMjBub3MlMjBpbmclQzMlQTluaWV1cnMlMjB2b3VzJTIwb2ZmcmVudCUyMHVuZSUyMGV4cGVydGlzZSUyMHBlcnNvbm5hbGlzJUMzJUE5ZSUyMHF1aSUyMHZvdXMlMjBhaWRlcmElMjAlQzMlQTAlMjBjb25jZXZvaXIlMjB2b3RyZSUyMHByb2R1aXQlMjB0ZWwlMjBxdWUlMjB2b3VzJTIwbCVFMiU4MCU5OWltYWdpbmV6LiUyMCUwQSUzQyUyRmRpdiUzRSUwQSUzQyUyRmRpdiUzRSUwQSUzQyUyRmRpdiUzRSUwQSUzQ2RpdiUyMGNsYXNzJTNEJTIydHdvLXRoaXJkJTIyJTNFJTBBJTNDZGl2JTIwY2xhc3MlM0QlMjJzZXJ2aWNlLXBob3RvJTIyJTNFJTBBJTNDYSUyMGhyZWYlM0QlMjJodHRwJTNBJTJGJTJGcm9ib2N1dHN0dWRpby5jb20lMkZmciUyRnBvcnRmb2xpbyUyRiUyMiUzRSUwQSUzQ2ltZyUyMHNyYyUzRCUyMmh0dHAlM0ElMkYlMkZyb2JvY3V0c3R1ZGlvLmNvbSUyRndwLWNvbnRlbnQlMkZ1cGxvYWRzJTJGMjAxOCUyRjA5JTJGTVcuanBnJTIyJTNFJTNDJTJGYSUzRSUwQSUzQyUyRmRpdiUzRSUwQSUzQ2RpdiUyMGNsYXNzJTNEJTIyc2VydmljZS1tZW51JTIyJTNFJTBBJTNDYSUyMGNsYXNzJTNEJTIyc2luZ2xlLWl0ZW0lMjIlMjBocmVmJTNEJTIyaHR0cCUzQSUyRiUyRnJvYm9jdXRzdHVkaW8uY29tJTJGZnIlMkZwb3J0Zm9saW8lMkZwcm9qZXRzJTJGbW91bGFnZS1jb3VsZWUlMkYlMjIlM0UlM0NoMyUzRWV4ZW1wbGVzJTIwZGUlMjBwcm9qZXQlM0MlMkZoMyUzRSUzQyUyRmElM0UlMEElM0MlMkZkaXYlM0UlMEElM0MlMkZkaXYlM0UlMEElM0MlMkZkaXYlM0UlMEE=[\/vc_raw_html][\/vc_column][\/vc_row]<\/p>\n<\/div>","protected":false},"excerpt":{"rendered":"<p>[vc_row el_class=\u00a0\u00bbservices-desc\u00a0\u00bb][vc_column][vc_column_text] Studio Robocut est un v\u00e9ritable atelier\u00a0multidisciplinaire. Nos clients viennent aussi bien des domaines du design, de la production vid\u00e9o et cin\u00e9matographique, des m\u00e9dias interactifs et multim\u00e9dias, de l\u2019\u00e9v\u00e9nementiel, de l\u2019architecture, de l\u2019ing\u00e9nierie, que des galeries d\u2019art, des mus\u00e9es et bien d\u2019autres encore. Voyons&#8230;<\/p>\n","protected":false},"author":7,"featured_media":0,"parent":0,"menu_order":12,"comment_status":"closed","ping_status":"closed","template":"","meta":{"footnotes":"","_links_to":"","_links_to_target":""},"class_list":["post-2357","page","type-page","status-publish","hentry"],"_links":{"self":[{"href":"https:\/\/robocutstudio.com\/fr\/wp-json\/wp\/v2\/pages\/2357\/"}],"collection":[{"href":"https:\/\/robocutstudio.com\/fr\/wp-json\/wp\/v2\/pages\/"}],"about":[{"href":"https:\/\/robocutstudio.com\/fr\/wp-json\/wp\/v2\/types\/page\/"}],"author":[{"embeddable":true,"href":"https:\/\/robocutstudio.com\/fr\/wp-json\/wp\/v2\/users\/7\/"}],"replies":[{"embeddable":true,"href":"https:\/\/robocutstudio.com\/fr\/wp-json\/wp\/v2\/comments\/?post=2357"}],"version-history":[{"count":2,"href":"https:\/\/robocutstudio.com\/fr\/wp-json\/wp\/v2\/pages\/2357\/revisions\/"}],"predecessor-version":[{"id":11531,"href":"https:\/\/robocutstudio.com\/fr\/wp-json\/wp\/v2\/pages\/2357\/revisions\/11531\/"}],"wp:attachment":[{"href":"https:\/\/robocutstudio.com\/fr\/wp-json\/wp\/v2\/media\/?parent=2357"}],"curies":[{"name":"wp","href":"https:\/\/api.w.org\/{rel}","templated":true}]}}